{"id":489,"date":"2025-05-28T11:26:42","date_gmt":"2025-05-28T09:26:42","guid":{"rendered":"https:\/\/studioarcs.fr\/?page_id=489"},"modified":"2026-03-05T10:57:51","modified_gmt":"2026-03-05T09:57:51","slug":"livret-daccueil-arc-1600","status":"publish","type":"page","link":"https:\/\/studioarcs.fr\/index.php\/livret-daccueil-arc-1600\/","title":{"rendered":"Livret d&rsquo;accueil ARC 1600"},"content":{"rendered":"\n<p class=\"has-text-align-center\"><strong>LIVRET D&rsquo;ACCUEIL<\/strong><\/p>\n\n\n\n<p class=\"has-text-align-center has-accent-3-color has-text-color has-link-color has-large-font-size wp-elements-5bad8a9b9833dfca3d8c79493f3a442b\"><strong>Studio 525 &#8211; R\u00e9sidence la Cascade<\/strong><\/p>\n\n\n\n<p class=\"has-text-align-center has-accent-3-color has-text-color has-link-color has-large-font-size wp-elements-fdd1b946e77cb9b1aaa72fdbe7121879\"><strong>Arc 1600 &#8211; Bourg Saint Maurice<\/strong><\/p>\n\n\n\n<p><\/p>\n\n\n\n\n\n<p>La station est ouverte tous les ans de <strong>mi-d\u00e9cembre \u00e0 fin avril<\/strong> pour la saison d&rsquo;hiver, et de <strong>d\u00e9but juillet \u00e0 fin ao\u00fbt<\/strong> pour la saison estivale.<\/p>\n\n\n\n<p class=\"has-small-font-size\">Lorsque la station est ouverte, tous les services sont fonctionnels (funiculaire, navettes interstations, commerces, restaurants, remont\u00e9es m\u00e9caniques, spas et piscine), mais lorsque la station est ferm\u00e9e, il y a tr\u00e8s peu de commerces ouverts et quasiment aucun service. C&rsquo;est \u00e0 savoir pour les r\u00e9servations faites en dehors des p\u00e9riodes d&rsquo;ouverture.  <\/p>\n\n\n\n\n\n<hr class=\"wp-block-separator has-alpha-channel-opacity\"\/>\n\n\n\n<div class=\"wp-block-group is-style-section-5 has-global-padding is-layout-constrained wp-block-group-is-layout-constrained is-style-section-5--1\">\n<p class=\"has-text-align-center\"><a href=\"https:\/\/studioarcs.fr\/index.php\/livret-daccueil-arc-1600\/\">Livret d\u2019accueil<\/a><\/p>\n\n\n\n<p class=\"has-text-align-center\"><a href=\"https:\/\/studioarcs.fr\/index.php\/bienvenue-a-arc-1600\/\">Bienvenue \u00e0 Arc 1600<\/a><\/p>\n\n\n\n<p class=\"has-text-align-center\"><a href=\"https:\/\/studioarcs.fr\/index.php\/a-mettre-dans-vos-bagages-1600\/\">A mettre dans vos bagages<\/a><\/p>\n\n\n\n<p class=\"has-text-align-center\"><a href=\"https:\/\/studioarcs.fr\/index.php\/venir-a-arc-1600-en-voiture\/\">Venir \u00e0 Arc 1600 en voiture. Solutions de parking<\/a><\/p>\n\n\n\n<p class=\"has-text-align-center\"><a href=\"https:\/\/studioarcs.fr\/index.php\/venir-en-train-et-utiliser-le-funiculaire-1600\/\">Venir \u00e0 Arc 1600 en train<\/a><\/p>\n\n\n\n<p class=\"has-text-align-center\"><a href=\"https:\/\/studioarcs.fr\/index.php\/comment-recuperer-les-cles-1600\/\">R\u00e9cup\u00e9rer les cl\u00e9s<\/a><\/p>\n\n\n\n<p class=\"has-text-align-center\"><a href=\"https:\/\/studioarcs.fr\/index.php\/checkin-1600\/\">Arriv\u00e9e au studio \/ Ce que vous trouverez\/ Check In<\/a><\/p>\n\n\n\n<p class=\"has-text-align-center\"><a href=\"https:\/\/studioarcs.fr\/index.php\/que-faire-aux-arcs-1600\/\">Que faire aux Arcs ?<\/a><\/p>\n\n\n\n<p class=\"has-text-align-center\"><a href=\"https:\/\/studioarcs.fr\/index.php\/fin-de-sejour-1600\/\">Fin de s\u00e9jour \/ M\u00e9nage<\/a><\/p>\n\n\n\n<p class=\"has-text-align-center\"><a href=\"https:\/\/studioarcs.fr\/index.php\/a-la-prochaine-1600\/\">A la prochaine !<\/a><\/p>\n\n\n\n<hr class=\"wp-block-separator has-alpha-channel-opacity\"\/>\n\n\n\n<p class=\"has-text-align-center\"><a href=\"https:\/\/studioarcs.fr\/index.php\/english-booklet-1600\/\">English<\/a><\/p>\n\n\n<\/div>\n\n\n\n<p><\/p>\n","protected":false},"excerpt":{"rendered":"<p>LIVRET D&rsquo;ACCUEIL Studio 525 &#8211; R\u00e9sidence la Cascade Arc 1600 &#8211; Bourg Saint Maurice La station est ouverte tous les ans de mi-d\u00e9cembre \u00e0 fin avril pour la saison d&rsquo;hiver, et de d\u00e9but juillet \u00e0 fin ao\u00fbt pour la saison estivale. Lorsque la station est ouverte, tous les services sont fonctionnels (funiculaire, navettes interstations, commerces, [&hellip;]<\/p>\n","protected":false},"author":1,"featured_media":0,"parent":0,"menu_order":0,"comment_status":"closed","ping_status":"closed","template":"","meta":{"saved_in_kubio":false,"footnotes":""},"class_list":["post-489","page","type-page","status-publish","hentry"],"kubio_ai_page_context":{"short_desc":"","purpose":"general"},"_links":{"self":[{"href":"https:\/\/studioarcs.fr\/index.php\/wp-json\/wp\/v2\/pages\/489","targetHints":{"allow":["GET"]}}],"collection":[{"href":"https:\/\/studioarcs.fr\/index.php\/wp-json\/wp\/v2\/pages"}],"about":[{"href":"https:\/\/studioarcs.fr\/index.php\/wp-json\/wp\/v2\/types\/page"}],"author":[{"embeddable":true,"href":"https:\/\/studioarcs.fr\/index.php\/wp-json\/wp\/v2\/users\/1"}],"replies":[{"embeddable":true,"href":"https:\/\/studioarcs.fr\/index.php\/wp-json\/wp\/v2\/comments?post=489"}],"version-history":[{"count":7,"href":"https:\/\/studioarcs.fr\/index.php\/wp-json\/wp\/v2\/pages\/489\/revisions"}],"predecessor-version":[{"id":1091,"href":"https:\/\/studioarcs.fr\/index.php\/wp-json\/wp\/v2\/pages\/489\/revisions\/1091"}],"wp:attachment":[{"href":"https:\/\/studioarcs.fr\/index.php\/wp-json\/wp\/v2\/media?parent=489"}],"curies":[{"name":"wp","href":"https:\/\/api.w.org\/{rel}","templated":true}]}}