{"id":492,"date":"2025-05-28T11:30:23","date_gmt":"2025-05-28T09:30:23","guid":{"rendered":"https:\/\/studioarcs.fr\/?page_id=492"},"modified":"2025-08-01T13:24:48","modified_gmt":"2025-08-01T11:24:48","slug":"bienvenue-a-arc-1600","status":"publish","type":"page","link":"https:\/\/studioarcs.fr\/index.php\/bienvenue-a-arc-1600\/","title":{"rendered":"Bienvenue \u00e0 Arc 1600"},"content":{"rendered":"\n<p class=\"has-text-align-center\"><strong>BIENVENUE A ARC 1600<\/strong><\/p>\n\n\n\n<p>Je vous remercie d\u2019avoir choisi mon studio pour vos vacances.<\/p>\n\n\n\n\n\n<p>Vous allez r\u00e9sider dans le<strong> studio 525<\/strong>, avant derni\u00e8re all\u00e9e de la r\u00e9sidence la Cascade \u00e0 Arc 1600.<\/p>\n\n\n\n\n\n<p>C&rsquo;est un petit studio sympa confortable pour un couple, un peu petit pour 4 personnes mais il dispose de 4 couchages pour ceux qui souhaitent une solution \u00e9conomique et ne craignent pas la promiscuit\u00e9.<\/p>\n\n\n\n<p>Je vous propose ce&nbsp;<em><strong>petit livret<\/strong><\/em>&nbsp;pour vous permettre de pr\u00e9parer au mieux votre s\u00e9jour. J\u2019esp\u00e8re qu&rsquo;il r\u00e9pondra \u00e0 quelques questions pratiques.&nbsp;<strong>N\u2019h\u00e9sitez pas \u00e0 m\u2019appeler<\/strong>&nbsp;pour toute information compl\u00e9mentaire ou pr\u00e9cision. Je vous renseignerai avec plaisir !<\/p>\n\n\n\n<div class=\"wp-block-group has-base-color has-text-color has-background has-link-color wp-elements-d38dee1ae2a48006777fff8688bb1cc8 has-global-padding is-layout-constrained wp-block-group-is-layout-constrained\" style=\"background-color:#fd0000\">\n<p><strong>Point importants :<\/strong><\/p>\n\n\n\n<ul class=\"wp-block-list\">\n<li>Pensez \u00e0&nbsp;<strong>apporter votre linge<\/strong><\/li>\n\n\n\n<li>Le&nbsp;<strong>m\u00e9nage doit \u00eatre fait \u00e0 votre d\u00e9part<\/strong>, valid\u00e9 par une&nbsp;<strong>visio<\/strong>. une<strong>&nbsp;caution m\u00e9nage de 200\u20ac<\/strong>&nbsp;pourra \u00eatre retenue en cas de manquement.<\/li>\n<\/ul>\n<\/div>\n\n\n\n<p><\/p>\n\n\n\n<p>Si vous ne connaissez pas les Arcs, vous pouvez obtenir des informations sur la station ici :<\/p>\n\n\n\n<p><a href=\"https:\/\/www.lesarcs.com\">https:\/\/www.lesarcs.com<\/a><\/p>\n\n\n\n<p><strong>Thierry Charron<\/strong>&nbsp;: (+33) 6 98 26 25 66<\/p>\n\n\n\n<figure class=\"wp-block-image\"><img loading=\"lazy\" decoding=\"async\" width=\"1024\" height=\"512\" src=\"https:\/\/studioarcs.fr\/wp-content\/uploads\/2025\/05\/y8-PTBaP90a-1024x512.png\" alt=\"\" class=\"wp-image-254\" srcset=\"https:\/\/studioarcs.fr\/wp-content\/uploads\/2025\/05\/y8-PTBaP90a-1024x512.png 1024w, https:\/\/studioarcs.fr\/wp-content\/uploads\/2025\/05\/y8-PTBaP90a-300x150.png 300w, https:\/\/studioarcs.fr\/wp-content\/uploads\/2025\/05\/y8-PTBaP90a-768x384.png 768w, https:\/\/studioarcs.fr\/wp-content\/uploads\/2025\/05\/y8-PTBaP90a.png 1200w\" sizes=\"(max-width: 1024px) 100vw, 1024px\" \/><\/figure>\n\n\n\n<p>Mail :&nbsp;<strong>t.charron@laposte.net<\/strong><\/p>\n\n\n\n<p>Vous allez passer des super vacances !<\/p>\n\n\n\n<p class=\"is-style-text-display has-base-background-color has-background is-style-text-display--1\">Visite du studio en vid\u00e9o :<\/p>\n\n\n\n<figure class=\"wp-block-embed is-type-video is-provider-youtube wp-block-embed-youtube wp-embed-aspect-16-9 wp-has-aspect-ratio\"><div class=\"wp-block-embed__wrapper\">\n<iframe loading=\"lazy\" title=\"Studio Arc 1600\" width=\"500\" height=\"281\" src=\"https:\/\/www.youtube.com\/embed\/YF5qOWaBYQw?feature=oembed\" frameborder=\"0\" allow=\"accelerometer; autoplay; clipboard-write; encrypted-media; gyroscope; picture-in-picture; web-share\" referrerpolicy=\"strict-origin-when-cross-origin\" allowfullscreen><\/iframe>\n<\/div><\/figure>\n\n\n\n<hr class=\"wp-block-separator has-alpha-channel-opacity\"\/>\n\n\n\n<div class=\"wp-block-group is-style-section-5 has-global-padding is-layout-constrained wp-block-group-is-layout-constrained is-style-section-5--2\">\n<div class=\"wp-block-group has-global-padding is-layout-constrained wp-block-group-is-layout-constrained\">\n<p class=\"has-text-align-center\"><a href=\"https:\/\/studioarcs.fr\/index.php\/livret-daccueil-arc-1600\/\" data-type=\"page\" data-id=\"489\">Livret d&rsquo;accueil <\/a><\/p>\n\n\n\n<p class=\"has-text-align-center\"><a href=\"https:\/\/studioarcs.fr\/index.php\/bienvenue-a-arc-1600\/\" data-type=\"page\" data-id=\"492\">Bienvenue \u00e0 Arc 1600<\/a><\/p>\n\n\n\n<p class=\"has-text-align-center\"><a href=\"https:\/\/studioarcs.fr\/index.php\/a-mettre-dans-vos-bagages-1600\/\" data-type=\"page\" data-id=\"495\">A mettre dans vos bagages<\/a><\/p>\n\n\n\n<p class=\"has-text-align-center\"><a href=\"https:\/\/studioarcs.fr\/index.php\/venir-a-arc-1600-en-voiture\/\" data-type=\"page\" data-id=\"497\">Venir \u00e0 Arc 1600 en voiture. Solutions de parking<\/a><\/p>\n\n\n\n<p class=\"has-text-align-center\"><a href=\"https:\/\/studioarcs.fr\/index.php\/venir-en-train-et-utiliser-le-funiculaire-1600\/\" data-type=\"page\" data-id=\"499\">Venir \u00e0 Arc 1600 en train<\/a><\/p>\n\n\n\n<p class=\"has-text-align-center\"><a href=\"https:\/\/studioarcs.fr\/index.php\/comment-recuperer-les-cles-1600\/\" data-type=\"page\" data-id=\"501\">R\u00e9cup\u00e9rer les cl\u00e9s<\/a><\/p>\n\n\n\n<p class=\"has-text-align-center\"><a href=\"https:\/\/studioarcs.fr\/index.php\/checkin-1600\/\" data-type=\"page\" data-id=\"505\">Arriv\u00e9e au studio \/ Ce que vous trouverez\/ Check In<\/a><\/p>\n\n\n\n<p class=\"has-text-align-center\"><a href=\"https:\/\/studioarcs.fr\/index.php\/que-faire-aux-arcs-1600\/\" data-type=\"page\" data-id=\"511\">Que faire aux Arcs ?<\/a><\/p>\n\n\n\n<p class=\"has-text-align-center\"><a href=\"https:\/\/studioarcs.fr\/index.php\/fin-de-sejour-1600\/\" data-type=\"page\" data-id=\"514\">Fin de s\u00e9jour \/ M\u00e9nage<\/a><\/p>\n\n\n\n<p class=\"has-text-align-center\"><a href=\"https:\/\/studioarcs.fr\/index.php\/a-la-prochaine-1600\/\" data-type=\"page\" data-id=\"517\">A la prochaine !<\/a><\/p>\n\n\n\n<hr class=\"wp-block-separator has-alpha-channel-opacity\"\/>\n<\/div>\n\n\n\n<p class=\"has-text-align-center\"><a href=\"https:\/\/studioarcs.fr\/index.php\/english-booklet-1600\/\" data-type=\"page\" data-id=\"519\">English<\/a><\/p>\n\n\n<\/div>\n\n\n\n<p><\/p>\n","protected":false},"excerpt":{"rendered":"<p>BIENVENUE A ARC 1600 Je vous remercie d\u2019avoir choisi mon studio pour vos vacances. Vous allez r\u00e9sider dans le studio 525, avant derni\u00e8re all\u00e9e de la r\u00e9sidence la Cascade \u00e0 Arc 1600. C&rsquo;est un petit studio sympa confortable pour un couple, un peu petit pour 4 personnes mais il dispose de 4 couchages pour ceux [&hellip;]<\/p>\n","protected":false},"author":1,"featured_media":0,"parent":0,"menu_order":0,"comment_status":"closed","ping_status":"closed","template":"","meta":{"saved_in_kubio":false,"footnotes":""},"class_list":["post-492","page","type-page","status-publish","hentry"],"kubio_ai_page_context":{"short_desc":"","purpose":"general"},"_links":{"self":[{"href":"https:\/\/studioarcs.fr\/index.php\/wp-json\/wp\/v2\/pages\/492","targetHints":{"allow":["GET"]}}],"collection":[{"href":"https:\/\/studioarcs.fr\/index.php\/wp-json\/wp\/v2\/pages"}],"about":[{"href":"https:\/\/studioarcs.fr\/index.php\/wp-json\/wp\/v2\/types\/page"}],"author":[{"embeddable":true,"href":"https:\/\/studioarcs.fr\/index.php\/wp-json\/wp\/v2\/users\/1"}],"replies":[{"embeddable":true,"href":"https:\/\/studioarcs.fr\/index.php\/wp-json\/wp\/v2\/comments?post=492"}],"version-history":[{"count":10,"href":"https:\/\/studioarcs.fr\/index.php\/wp-json\/wp\/v2\/pages\/492\/revisions"}],"predecessor-version":[{"id":687,"href":"https:\/\/studioarcs.fr\/index.php\/wp-json\/wp\/v2\/pages\/492\/revisions\/687"}],"wp:attachment":[{"href":"https:\/\/studioarcs.fr\/index.php\/wp-json\/wp\/v2\/media?parent=492"}],"curies":[{"name":"wp","href":"https:\/\/api.w.org\/{rel}","templated":true}]}}