{"id":495,"date":"2025-05-28T11:38:18","date_gmt":"2025-05-28T09:38:18","guid":{"rendered":"https:\/\/studioarcs.fr\/?page_id=495"},"modified":"2025-06-16T11:30:49","modified_gmt":"2025-06-16T09:30:49","slug":"a-mettre-dans-vos-bagages-1600","status":"publish","type":"page","link":"https:\/\/studioarcs.fr\/index.php\/a-mettre-dans-vos-bagages-1600\/","title":{"rendered":"A mettre dans vos bagages 1600"},"content":{"rendered":"\n<p class=\"has-text-align-center has-x-large-font-size\"><strong>A METTRE DANS VOS BAGAGES<\/strong><\/p>\n\n\n\n\n\n<p><strong>Le linge de toilette:<\/strong>&nbsp;&nbsp;<strong><mark>Pensez \u00e0 apporter vos serviettes de toilette<\/mark>,<\/strong> un tapis de bain et des torchons. En cas d\u2019oubli, vous pourrez louer des serviettes \u00e0 la conciergerie (tarif environ 10\u20ac par personne).<\/p>\n\n\n\n<p class=\"has-accent-1-background-color has-text-color has-background has-link-color wp-elements-ecf9fddc4f0e0d87cb88c79ba5ea288a\" style=\"color:#ff0000\"><strong>Le linge de lit :<\/strong>&nbsp;<strong>Pensez \u00e0 apporter vos draps<\/strong> <strong>et vos taies d&rsquo;oreillers.<\/strong><\/p>\n\n\n\n<p>Vous trouverez\u00a0<strong>2 lits gigognes 90\u00d7190<\/strong>,\u00a0et <strong>1 lit 140*190 en hauteur<\/strong>.<\/p>\n\n\n\n<p><mark><strong>Des oreillers sont \u00e0 disposition ainsi que des couettes et des couvertures.<\/strong><\/mark><\/p>\n\n\n\n<p>Sur r\u00e9servation (quelques jours avant votre arriv\u00e9e), vous pourrez louer du linge (tarif de 25 \u00e0 120\u20ac selon le nombre de couchages). Me contacter pour plus d\u2019informations.<\/p>\n\n\n\n<figure class=\"wp-block-image\"><img loading=\"lazy\" decoding=\"async\" width=\"500\" height=\"333\" src=\"https:\/\/studioarcs.fr\/wp-content\/uploads\/2025\/05\/draps-polycoton.webp\" alt=\"\" class=\"wp-image-469\" srcset=\"https:\/\/studioarcs.fr\/wp-content\/uploads\/2025\/05\/draps-polycoton.webp 500w, https:\/\/studioarcs.fr\/wp-content\/uploads\/2025\/05\/draps-polycoton-300x200.webp 300w\" sizes=\"(max-width: 500px) 100vw, 500px\" \/><\/figure>\n\n\n\n<hr class=\"wp-block-separator has-alpha-channel-opacity\"\/>\n\n\n\n<figure class=\"wp-block-image\"><img loading=\"lazy\" decoding=\"async\" width=\"2560\" height=\"1440\" src=\"https:\/\/studioarcs.fr\/wp-content\/uploads\/2025\/05\/17268-scaled.jpeg\" alt=\"\" class=\"wp-image-260\" srcset=\"https:\/\/studioarcs.fr\/wp-content\/uploads\/2025\/05\/17268-scaled.jpeg 2560w, https:\/\/studioarcs.fr\/wp-content\/uploads\/2025\/05\/17268-300x169.jpeg 300w, https:\/\/studioarcs.fr\/wp-content\/uploads\/2025\/05\/17268-1024x576.jpeg 1024w, https:\/\/studioarcs.fr\/wp-content\/uploads\/2025\/05\/17268-768x432.jpeg 768w, https:\/\/studioarcs.fr\/wp-content\/uploads\/2025\/05\/17268-1536x864.jpeg 1536w, https:\/\/studioarcs.fr\/wp-content\/uploads\/2025\/05\/17268-2048x1152.jpeg 2048w, https:\/\/studioarcs.fr\/wp-content\/uploads\/2025\/05\/17268-1920x1080.jpeg 1920w\" sizes=\"(max-width: 2560px) 100vw, 2560px\" \/><\/figure>\n\n\n\n<p><strong>Piscine :<\/strong>&nbsp;Si vous comptez profiter des espaces nautiques, notamment la Piscine \u00e0 Arc 1800, pensez \u00e0 apporter votre maillot de bain et vos draps de bain.<\/p>\n\n\n\n<hr class=\"wp-block-separator has-alpha-channel-opacity\"\/>\n\n\n\n<p><strong>Rouleau de papier WC :<\/strong>&nbsp;C\u2019est un peu trivial, mais pensez \u00e0 mettre un rouleau dans votre valise. Si vous arrivez tard et que les pr\u00e9c\u00e9dents n\u2019en ont pas laiss\u00e9, vous pourrez passer la 1\u00e8re nuit tranquille.<\/p>\n\n\n\n<figure class=\"wp-block-image\"><img loading=\"lazy\" decoding=\"async\" width=\"150\" height=\"150\" src=\"https:\/\/studioarcs.fr\/wp-content\/uploads\/2025\/05\/Toiletpapier_Gobran111-150x150.jpg\" alt=\"\" class=\"wp-image-262\"\/><\/figure>\n\n\n\n<hr class=\"wp-block-separator has-alpha-channel-opacity\"\/>\n\n\n\n<p>Pour le reste, il y a de nombreux commerces sur place \u00e0 proximit\u00e9 du studio o\u00f9 vous trouverez tout le n\u00e9cessaire pour votre s\u00e9jour.<\/p>\n\n\n\n<hr class=\"wp-block-separator has-alpha-channel-opacity\"\/>\n\n\n\n<div class=\"wp-block-group is-style-section-5 has-global-padding is-layout-constrained wp-block-group-is-layout-constrained is-style-section-5--1\">\n<p class=\"has-text-align-center\"><a href=\"https:\/\/studioarcs.fr\/index.php\/livret-daccueil-arc-1600\/\">Livret d\u2019accueil<\/a><\/p>\n\n\n\n<p class=\"has-text-align-center\"><a href=\"https:\/\/studioarcs.fr\/index.php\/bienvenue-a-arc-1600\/\">Bienvenue \u00e0 Arc 1600<\/a><\/p>\n\n\n\n<p class=\"has-text-align-center\"><a href=\"https:\/\/studioarcs.fr\/index.php\/a-mettre-dans-vos-bagages-1600\/\">A mettre dans vos bagages<\/a><\/p>\n\n\n\n<p class=\"has-text-align-center\"><a href=\"https:\/\/studioarcs.fr\/index.php\/venir-a-arc-1600-en-voiture\/\">Venir \u00e0 Arc 1600 en voiture. Solutions de parking<\/a><\/p>\n\n\n\n<p class=\"has-text-align-center\"><a href=\"https:\/\/studioarcs.fr\/index.php\/venir-en-train-et-utiliser-le-funiculaire-1600\/\">Venir \u00e0 Arc 1600 en train<\/a><\/p>\n\n\n\n<p class=\"has-text-align-center\"><a href=\"https:\/\/studioarcs.fr\/index.php\/comment-recuperer-les-cles-1600\/\">R\u00e9cup\u00e9rer les cl\u00e9s<\/a><\/p>\n\n\n\n<p class=\"has-text-align-center\"><a href=\"https:\/\/studioarcs.fr\/index.php\/checkin-1600\/\">Arriv\u00e9e au studio \/ Ce que vous trouverez\/ Check In<\/a><\/p>\n\n\n\n<p class=\"has-text-align-center\"><a href=\"https:\/\/studioarcs.fr\/index.php\/que-faire-aux-arcs-1600\/\">Que faire aux Arcs ?<\/a><\/p>\n\n\n\n<p class=\"has-text-align-center\"><a href=\"https:\/\/studioarcs.fr\/index.php\/fin-de-sejour-1600\/\">Fin de s\u00e9jour \/ M\u00e9nage<\/a><\/p>\n\n\n\n<p class=\"has-text-align-center\"><a href=\"https:\/\/studioarcs.fr\/index.php\/a-la-prochaine-1600\/\">A la prochaine !<\/a><\/p>\n\n\n\n<hr class=\"wp-block-separator has-alpha-channel-opacity\"\/>\n\n\n\n<p class=\"has-text-align-center\"><a href=\"https:\/\/studioarcs.fr\/index.php\/english-booklet-1600\/\">English<\/a><\/p>\n\n\n<\/div>\n","protected":false},"excerpt":{"rendered":"<p>A METTRE DANS VOS BAGAGES Le linge de toilette:&nbsp;&nbsp;Pensez \u00e0 apporter vos serviettes de toilette, un tapis de bain et des torchons. En cas d\u2019oubli, vous pourrez louer des serviettes \u00e0 la conciergerie (tarif environ 10\u20ac par personne). Le linge de lit :&nbsp;Pensez \u00e0 apporter vos draps et vos taies d&rsquo;oreillers. Vous trouverez\u00a02 lits gigognes [&hellip;]<\/p>\n","protected":false},"author":1,"featured_media":0,"parent":0,"menu_order":0,"comment_status":"closed","ping_status":"closed","template":"","meta":{"saved_in_kubio":false,"footnotes":""},"class_list":["post-495","page","type-page","status-publish","hentry"],"kubio_ai_page_context":{"short_desc":"","purpose":"general"},"_links":{"self":[{"href":"https:\/\/studioarcs.fr\/index.php\/wp-json\/wp\/v2\/pages\/495","targetHints":{"allow":["GET"]}}],"collection":[{"href":"https:\/\/studioarcs.fr\/index.php\/wp-json\/wp\/v2\/pages"}],"about":[{"href":"https:\/\/studioarcs.fr\/index.php\/wp-json\/wp\/v2\/types\/page"}],"author":[{"embeddable":true,"href":"https:\/\/studioarcs.fr\/index.php\/wp-json\/wp\/v2\/users\/1"}],"replies":[{"embeddable":true,"href":"https:\/\/studioarcs.fr\/index.php\/wp-json\/wp\/v2\/comments?post=495"}],"version-history":[{"count":6,"href":"https:\/\/studioarcs.fr\/index.php\/wp-json\/wp\/v2\/pages\/495\/revisions"}],"predecessor-version":[{"id":576,"href":"https:\/\/studioarcs.fr\/index.php\/wp-json\/wp\/v2\/pages\/495\/revisions\/576"}],"wp:attachment":[{"href":"https:\/\/studioarcs.fr\/index.php\/wp-json\/wp\/v2\/media?parent=495"}],"curies":[{"name":"wp","href":"https:\/\/api.w.org\/{rel}","templated":true}]}}