{"id":497,"date":"2025-05-28T12:00:41","date_gmt":"2025-05-28T10:00:41","guid":{"rendered":"https:\/\/studioarcs.fr\/?page_id=497"},"modified":"2026-01-09T07:41:40","modified_gmt":"2026-01-09T06:41:40","slug":"venir-a-arc-1600-en-voiture","status":"publish","type":"page","link":"https:\/\/studioarcs.fr\/index.php\/venir-a-arc-1600-en-voiture\/","title":{"rendered":"Venir \u00e0 ARC 1600 en voiture"},"content":{"rendered":"\n<p class=\"has-text-align-center has-x-large-font-size\"><strong>Venir \u00e0 ARC 1600 en voiture.<\/strong><\/p>\n\n\n\n<p class=\"has-text-align-center has-x-large-font-size\"><strong>Solutions de parking<\/strong><\/p>\n\n\n\n<figure class=\"wp-block-image aligncenter is-style-default\"><img loading=\"lazy\" decoding=\"async\" width=\"150\" height=\"150\" src=\"https:\/\/studioarcs.fr\/wp-content\/uploads\/2025\/05\/25771-500-150x150.jpg\" alt=\"\" class=\"wp-image-273\" srcset=\"https:\/\/studioarcs.fr\/wp-content\/uploads\/2025\/05\/25771-500-150x150.jpg 150w, https:\/\/studioarcs.fr\/wp-content\/uploads\/2025\/05\/25771-500-300x300.jpg 300w, https:\/\/studioarcs.fr\/wp-content\/uploads\/2025\/05\/25771-500.jpg 500w\" sizes=\"(max-width: 150px) 100vw, 150px\" \/><\/figure>\n\n\n\n<p><strong><mark>V\u00e9rifiez d\u2019abord l\u2019\u00e9tat des routes et assurez vous de disposer d\u2019\u00e9quipements bien adapt\u00e9s.<\/mark><\/strong><\/p>\n\n\n\n<p class=\"has-contrast-color has-accent-1-background-color has-text-color has-background has-link-color has-x-large-font-size wp-elements-ae69655e4529220cd20260b6ba3fb93a\"><strong>ATTENTION : les PNEUS NEIGE ou CHA\u00ceNES SONT OBLIGATOIRES EN HIVER<\/strong><\/p>\n\n\n\n<hr class=\"wp-block-separator has-alpha-channel-opacity\"\/>\n\n\n\n<p>Cliquez sur l&rsquo;ic\u00f4ne de votre GPS favori ci-dessous pour vous guider vers l&#8217;emplacement exact du studio :<\/p>\n\n\n\n\n\n<hr class=\"wp-block-separator has-alpha-channel-opacity\"\/>\n\n\n\n<p>En 2025, le parking est encore gratuit \u00e0 Arc 1600&nbsp;(<em>sous r\u00e9serve de trouver de la place<\/em>, et \u00e7a risque de changer car la mise en place de parcm\u00e8tres est \u00e0 l&rsquo;\u00e9tude).<\/p>\n\n\n\n<p>Vous pourrez laisser votre voiture sur les parkings ext\u00e9rieurs. Les places sont rares pendant les vacances scolaires en hiver, et vous devrez sans doute tourner un peu. En dehors des vacances scolaires, ou pendant la saison estivale, il n&rsquo;y a pas de probl\u00e8mes de stationnement.<\/p>\n\n\n\n<p><a href=\"https:\/\/www.lesarcs.com\/parkings\/parkings-arc-1600\">https:\/\/www.lesarcs.com\/parkings\/parkings-arc-1600<\/a><\/p>\n\n\n\n<p>Vous pourrez utiliser le d\u00e9pose minute au plus pr\u00e8s de la r\u00e9sidence. Vous laisserez votre voiture le temps de d\u00e9charger les affaires et les apporter au studio, puis vous pourrez trouver une place pour stationner votre voiture le temps du s\u00e9jour.<\/p>\n\n\n\n<p>Le d\u00e9pose minute est ici :<\/p>\n\n\n\n\n\n<hr class=\"wp-block-separator has-alpha-channel-opacity\"\/>\n\n\n\n<div class=\"wp-block-group is-style-section-5 has-global-padding is-layout-constrained wp-block-group-is-layout-constrained is-style-section-5--1\">\n<p class=\"has-text-align-center\"><a href=\"https:\/\/studioarcs.fr\/index.php\/livret-daccueil-arc-1600\/\">Livret d\u2019accueil<\/a><\/p>\n\n\n\n<p class=\"has-text-align-center\"><a href=\"https:\/\/studioarcs.fr\/index.php\/bienvenue-a-arc-1600\/\">Bienvenue \u00e0 Arc 1600<\/a><\/p>\n\n\n\n<p class=\"has-text-align-center\"><a href=\"https:\/\/studioarcs.fr\/index.php\/a-mettre-dans-vos-bagages-1600\/\">A mettre dans vos bagages<\/a><\/p>\n\n\n\n<p class=\"has-text-align-center\"><a href=\"https:\/\/studioarcs.fr\/index.php\/venir-a-arc-1600-en-voiture\/\">Venir \u00e0 Arc 1600 en voiture. Solutions de parking<\/a><\/p>\n\n\n\n<p class=\"has-text-align-center\"><a href=\"https:\/\/studioarcs.fr\/index.php\/venir-en-train-et-utiliser-le-funiculaire-1600\/\">Venir \u00e0 Arc 1600 en train<\/a><\/p>\n\n\n\n<p class=\"has-text-align-center\"><a href=\"https:\/\/studioarcs.fr\/index.php\/comment-recuperer-les-cles-1600\/\">R\u00e9cup\u00e9rer les cl\u00e9s<\/a><\/p>\n\n\n\n<p class=\"has-text-align-center\"><a href=\"https:\/\/studioarcs.fr\/index.php\/checkin-1600\/\">Arriv\u00e9e au studio \/ Ce que vous trouverez\/ Check In<\/a><\/p>\n\n\n\n<p class=\"has-text-align-center\"><a href=\"https:\/\/studioarcs.fr\/index.php\/que-faire-aux-arcs-1600\/\">Que faire aux Arcs ?<\/a><\/p>\n\n\n\n<p class=\"has-text-align-center\"><a href=\"https:\/\/studioarcs.fr\/index.php\/fin-de-sejour-1600\/\">Fin de s\u00e9jour \/ M\u00e9nage<\/a><\/p>\n\n\n\n<p class=\"has-text-align-center\"><a href=\"https:\/\/studioarcs.fr\/index.php\/a-la-prochaine-1600\/\">A la prochaine !<\/a><\/p>\n\n\n\n<hr class=\"wp-block-separator has-alpha-channel-opacity\"\/>\n\n\n\n<p class=\"has-text-align-center\"><a href=\"https:\/\/studioarcs.fr\/index.php\/english-booklet-1600\/\">English<\/a><\/p>\n\n\n<\/div>\n","protected":false},"excerpt":{"rendered":"<p>Venir \u00e0 ARC 1600 en voiture. Solutions de parking V\u00e9rifiez d\u2019abord l\u2019\u00e9tat des routes et assurez vous de disposer d\u2019\u00e9quipements bien adapt\u00e9s. ATTENTION : les PNEUS NEIGE ou CHA\u00ceNES SONT OBLIGATOIRES EN HIVER Cliquez sur l&rsquo;ic\u00f4ne de votre GPS favori ci-dessous pour vous guider vers l&#8217;emplacement exact du studio : En 2025, le parking est [&hellip;]<\/p>\n","protected":false},"author":1,"featured_media":0,"parent":0,"menu_order":0,"comment_status":"closed","ping_status":"closed","template":"","meta":{"saved_in_kubio":false,"footnotes":""},"class_list":["post-497","page","type-page","status-publish","hentry"],"kubio_ai_page_context":{"short_desc":"","purpose":"general"},"_links":{"self":[{"href":"https:\/\/studioarcs.fr\/index.php\/wp-json\/wp\/v2\/pages\/497","targetHints":{"allow":["GET"]}}],"collection":[{"href":"https:\/\/studioarcs.fr\/index.php\/wp-json\/wp\/v2\/pages"}],"about":[{"href":"https:\/\/studioarcs.fr\/index.php\/wp-json\/wp\/v2\/types\/page"}],"author":[{"embeddable":true,"href":"https:\/\/studioarcs.fr\/index.php\/wp-json\/wp\/v2\/users\/1"}],"replies":[{"embeddable":true,"href":"https:\/\/studioarcs.fr\/index.php\/wp-json\/wp\/v2\/comments?post=497"}],"version-history":[{"count":6,"href":"https:\/\/studioarcs.fr\/index.php\/wp-json\/wp\/v2\/pages\/497\/revisions"}],"predecessor-version":[{"id":930,"href":"https:\/\/studioarcs.fr\/index.php\/wp-json\/wp\/v2\/pages\/497\/revisions\/930"}],"wp:attachment":[{"href":"https:\/\/studioarcs.fr\/index.php\/wp-json\/wp\/v2\/media?parent=497"}],"curies":[{"name":"wp","href":"https:\/\/api.w.org\/{rel}","templated":true}]}}