{"id":499,"date":"2025-05-28T12:08:34","date_gmt":"2025-05-28T10:08:34","guid":{"rendered":"https:\/\/studioarcs.fr\/?page_id=499"},"modified":"2026-01-09T07:43:40","modified_gmt":"2026-01-09T06:43:40","slug":"venir-en-train-et-utiliser-le-funiculaire-1600","status":"publish","type":"page","link":"https:\/\/studioarcs.fr\/index.php\/venir-en-train-et-utiliser-le-funiculaire-1600\/","title":{"rendered":"Venir en train et utiliser le funiculaire 1600"},"content":{"rendered":"\n<p class=\"has-text-align-center has-x-large-font-size\"><strong>Venir en train et utiliser le funiculaire<\/strong><\/p>\n\n\n\n<figure class=\"wp-block-image\"><img loading=\"lazy\" decoding=\"async\" width=\"2560\" height=\"1920\" src=\"https:\/\/studioarcs.fr\/wp-content\/uploads\/2025\/05\/BV_gare_Bourg-Saint-Maurice-scaled.jpg\" alt=\"\" class=\"wp-image-285\" srcset=\"https:\/\/studioarcs.fr\/wp-content\/uploads\/2025\/05\/BV_gare_Bourg-Saint-Maurice-scaled.jpg 2560w, https:\/\/studioarcs.fr\/wp-content\/uploads\/2025\/05\/BV_gare_Bourg-Saint-Maurice-300x225.jpg 300w, https:\/\/studioarcs.fr\/wp-content\/uploads\/2025\/05\/BV_gare_Bourg-Saint-Maurice-1024x768.jpg 1024w, https:\/\/studioarcs.fr\/wp-content\/uploads\/2025\/05\/BV_gare_Bourg-Saint-Maurice-768x576.jpg 768w, https:\/\/studioarcs.fr\/wp-content\/uploads\/2025\/05\/BV_gare_Bourg-Saint-Maurice-1536x1152.jpg 1536w, https:\/\/studioarcs.fr\/wp-content\/uploads\/2025\/05\/BV_gare_Bourg-Saint-Maurice-2048x1536.jpg 2048w, https:\/\/studioarcs.fr\/wp-content\/uploads\/2025\/05\/BV_gare_Bourg-Saint-Maurice-1440x1080.jpg 1440w\" sizes=\"(max-width: 2560px) 100vw, 2560px\" \/><\/figure>\n\n\n\n<p>La gare de&nbsp;<strong>Bourg Saint Maurice<\/strong>&nbsp;est tr\u00e8s bien desservie par les TGV.<\/p>\n\n\n\n<p>Le&nbsp;<strong>funiculaire<\/strong>*&nbsp;se trouve dans la gare de Bourg Saint Maurice.<\/p>\n\n\n\n<p class=\"has-small-font-size\">*Le funiculaire ne fonctionne que pendant les p\u00e9riodes d&rsquo;ouverture de la station<\/p>\n\n\n\n<p>A l\u2019arriv\u00e9e du train, il faut rejoindre la passerelle derri\u00e8re les voies et se rendre \u00e0 la gare du funiculaire \u00e0 300m \u2013 suivre les pancartes indiquant \u00ab&nbsp;Arc 1600&nbsp;\u00bb.<\/p>\n\n\n\n<figure class=\"wp-block-image\"><img loading=\"lazy\" decoding=\"async\" width=\"2560\" height=\"1440\" src=\"https:\/\/studioarcs.fr\/wp-content\/uploads\/2025\/05\/20180316_180408-scaled-1-1-1.jpg\" alt=\"\" class=\"wp-image-351\" srcset=\"https:\/\/studioarcs.fr\/wp-content\/uploads\/2025\/05\/20180316_180408-scaled-1-1-1.jpg 2560w, https:\/\/studioarcs.fr\/wp-content\/uploads\/2025\/05\/20180316_180408-scaled-1-1-1-300x169.jpg 300w, https:\/\/studioarcs.fr\/wp-content\/uploads\/2025\/05\/20180316_180408-scaled-1-1-1-1024x576.jpg 1024w\" sizes=\"(max-width: 2560px) 100vw, 2560px\" \/><\/figure>\n\n\n\n<p>Cliquez sur l&rsquo;ic\u00f4ne de votre GPS favori ci-dessous pour vous guider vers l&#8217;emplacement exact de l&#8217;embarquement du funiculaire:<\/p>\n\n\n\n\n\n<p><\/p>\n\n\n\n<p class=\"has-large-font-size\"><strong>Attention aux arriv\u00e9es tardives !<\/strong>&nbsp;Lors des p\u00e9riodes d&rsquo;ouverture de la station, le funiculaire circule tous les jours de 7h30 \u00e0 21h00* et jusqu\u2019\u00e0 23h00 les vendredis et samedis*.<\/p>\n\n\n\n<p>(* \u00e0 v\u00e9rifier avant votre arriv\u00e9e)<\/p>\n\n\n\n<p><a href=\"https:\/\/www.lesarcs.com\/funiculaire.html\">https:\/\/www.lesarcs.com\/funiculaire.html<\/a><\/p>\n\n\n\n<figure class=\"wp-block-image size-large\"><img loading=\"lazy\" decoding=\"async\" width=\"1024\" height=\"580\" src=\"http:\/\/studioarcs.fr\/wp-content\/uploads\/2025\/05\/1200x680_vue_06bcagence_360-1024x580.jpg\" alt=\"\" class=\"wp-image-272\" srcset=\"https:\/\/studioarcs.fr\/wp-content\/uploads\/2025\/05\/1200x680_vue_06bcagence_360-1024x580.jpg 1024w, https:\/\/studioarcs.fr\/wp-content\/uploads\/2025\/05\/1200x680_vue_06bcagence_360-300x170.jpg 300w, https:\/\/studioarcs.fr\/wp-content\/uploads\/2025\/05\/1200x680_vue_06bcagence_360-768x435.jpg 768w, https:\/\/studioarcs.fr\/wp-content\/uploads\/2025\/05\/1200x680_vue_06bcagence_360.jpg 1200w\" sizes=\"(max-width: 1024px) 100vw, 1024px\" \/><\/figure>\n\n\n\n<p>Le funiculaire vous m\u00e8ne \u00e0 Arc 1600 en 7 min.&nbsp;<strong>Le trajet est offert sur pr\u00e9sentation d\u2019un billet de train !<\/strong> Sinon, c\u2019est&nbsp;<strong><em>5\u20ac<\/em><\/strong>&nbsp;l\u2019aller-retour (tarif 2024).<\/p>\n\n\n\n<figure class=\"wp-block-image\"><img loading=\"lazy\" decoding=\"async\" width=\"1200\" height=\"628\" src=\"https:\/\/studioarcs.fr\/wp-content\/uploads\/2025\/05\/billet-de-train-cartonne_1400460083_ban.webp\" alt=\"\" class=\"wp-image-288\" srcset=\"https:\/\/studioarcs.fr\/wp-content\/uploads\/2025\/05\/billet-de-train-cartonne_1400460083_ban.webp 1200w, https:\/\/studioarcs.fr\/wp-content\/uploads\/2025\/05\/billet-de-train-cartonne_1400460083_ban-300x157.webp 300w, https:\/\/studioarcs.fr\/wp-content\/uploads\/2025\/05\/billet-de-train-cartonne_1400460083_ban-1024x536.webp 1024w, https:\/\/studioarcs.fr\/wp-content\/uploads\/2025\/05\/billet-de-train-cartonne_1400460083_ban-768x402.webp 768w\" sizes=\"(max-width: 1200px) 100vw, 1200px\" \/><\/figure>\n\n\n\n<p><strong>Le trajet est offert \u00e9galement si vous prenez votre forfait au guichet \u00e0 proximit\u00e9 de la gare du funiculaire<\/strong>. <\/p>\n\n\n\n<p>Une fois \u00e0 Arc 1600, vous \u00eates \u00e0 300 m\u00e8tres du studio.<\/p>\n\n\n\n<hr class=\"wp-block-separator has-alpha-channel-opacity\"\/>\n\n\n\n<p>Lors de votre s\u00e9jour, si vous souhaitez aller vous promener dans les autres villages (Arc 1800, Arc 1950 ou Arc 2000), vous pourrez utiliser les navettes gratuites*.<\/p>\n\n\n\n<p class=\"has-small-font-size\">*Navettes qui circulent uniquement lors des p\u00e9riodes d&rsquo;ouverture de la station<\/p>\n\n\n\n<p>La gare routi\u00e8re se trouve \u00e0 gauche en sortant du funiculaire, \u00e0 100 m\u00e8tres<\/p>\n\n\n\n<figure class=\"wp-block-image\"><img loading=\"lazy\" decoding=\"async\" width=\"1024\" height=\"768\" src=\"https:\/\/studioarcs.fr\/wp-content\/uploads\/2025\/05\/funiculairebsma1600stationbusle19032019-e1553116378881.jpg\" alt=\"\" class=\"wp-image-289\" srcset=\"https:\/\/studioarcs.fr\/wp-content\/uploads\/2025\/05\/funiculairebsma1600stationbusle19032019-e1553116378881.jpg 1024w, https:\/\/studioarcs.fr\/wp-content\/uploads\/2025\/05\/funiculairebsma1600stationbusle19032019-e1553116378881-300x225.jpg 300w, https:\/\/studioarcs.fr\/wp-content\/uploads\/2025\/05\/funiculairebsma1600stationbusle19032019-e1553116378881-768x576.jpg 768w\" sizes=\"(max-width: 1024px) 100vw, 1024px\" \/><\/figure>\n\n\n\n<hr class=\"wp-block-separator has-alpha-channel-opacity\"\/>\n\n\n\n<div class=\"wp-block-group is-style-section-5 has-global-padding is-layout-constrained wp-block-group-is-layout-constrained is-style-section-5--1\">\n<p class=\"has-text-align-center\"><a href=\"https:\/\/studioarcs.fr\/index.php\/livret-daccueil-arc-1600\/\">Livret d\u2019accueil<\/a><\/p>\n\n\n\n<p class=\"has-text-align-center\"><a href=\"https:\/\/studioarcs.fr\/index.php\/bienvenue-a-arc-1600\/\">Bienvenue \u00e0 Arc 1600<\/a><\/p>\n\n\n\n<p class=\"has-text-align-center\"><a href=\"https:\/\/studioarcs.fr\/index.php\/a-mettre-dans-vos-bagages-1600\/\">A mettre dans vos bagages<\/a><\/p>\n\n\n\n<p class=\"has-text-align-center\"><a href=\"https:\/\/studioarcs.fr\/index.php\/venir-a-arc-1600-en-voiture\/\">Venir \u00e0 Arc 1600 en voiture. Solutions de parking<\/a><\/p>\n\n\n\n<p class=\"has-text-align-center\"><a href=\"https:\/\/studioarcs.fr\/index.php\/venir-en-train-et-utiliser-le-funiculaire-1600\/\">Venir \u00e0 Arc 1600 en train<\/a><\/p>\n\n\n\n<p class=\"has-text-align-center\"><a href=\"https:\/\/studioarcs.fr\/index.php\/comment-recuperer-les-cles-1600\/\">R\u00e9cup\u00e9rer les cl\u00e9s<\/a><\/p>\n\n\n\n<p class=\"has-text-align-center\"><a href=\"https:\/\/studioarcs.fr\/index.php\/checkin-1600\/\">Arriv\u00e9e au studio \/ Ce que vous trouverez\/ Check In<\/a><\/p>\n\n\n\n<p class=\"has-text-align-center\"><a href=\"https:\/\/studioarcs.fr\/index.php\/que-faire-aux-arcs-1600\/\">Que faire aux Arcs ?<\/a><\/p>\n\n\n\n<p class=\"has-text-align-center\"><a href=\"https:\/\/studioarcs.fr\/index.php\/fin-de-sejour-1600\/\">Fin de s\u00e9jour \/ M\u00e9nage<\/a><\/p>\n\n\n\n<p class=\"has-text-align-center\"><a href=\"https:\/\/studioarcs.fr\/index.php\/a-la-prochaine-1600\/\">A la prochaine !<\/a><\/p>\n\n\n\n<hr class=\"wp-block-separator has-alpha-channel-opacity\"\/>\n\n\n\n<p class=\"has-text-align-center\"><a href=\"https:\/\/studioarcs.fr\/index.php\/english-booklet-1600\/\">English<\/a><\/p>\n\n\n<\/div>\n\n\n\n<p><\/p>\n","protected":false},"excerpt":{"rendered":"<p>Venir en train et utiliser le funiculaire La gare de&nbsp;Bourg Saint Maurice&nbsp;est tr\u00e8s bien desservie par les TGV. Le&nbsp;funiculaire*&nbsp;se trouve dans la gare de Bourg Saint Maurice. *Le funiculaire ne fonctionne que pendant les p\u00e9riodes d&rsquo;ouverture de la station A l\u2019arriv\u00e9e du train, il faut rejoindre la passerelle derri\u00e8re les voies et se rendre \u00e0 [&hellip;]<\/p>\n","protected":false},"author":1,"featured_media":0,"parent":0,"menu_order":0,"comment_status":"closed","ping_status":"closed","template":"","meta":{"saved_in_kubio":false,"footnotes":""},"class_list":["post-499","page","type-page","status-publish","hentry"],"kubio_ai_page_context":{"short_desc":"","purpose":"general"},"_links":{"self":[{"href":"https:\/\/studioarcs.fr\/index.php\/wp-json\/wp\/v2\/pages\/499","targetHints":{"allow":["GET"]}}],"collection":[{"href":"https:\/\/studioarcs.fr\/index.php\/wp-json\/wp\/v2\/pages"}],"about":[{"href":"https:\/\/studioarcs.fr\/index.php\/wp-json\/wp\/v2\/types\/page"}],"author":[{"embeddable":true,"href":"https:\/\/studioarcs.fr\/index.php\/wp-json\/wp\/v2\/users\/1"}],"replies":[{"embeddable":true,"href":"https:\/\/studioarcs.fr\/index.php\/wp-json\/wp\/v2\/comments?post=499"}],"version-history":[{"count":9,"href":"https:\/\/studioarcs.fr\/index.php\/wp-json\/wp\/v2\/pages\/499\/revisions"}],"predecessor-version":[{"id":931,"href":"https:\/\/studioarcs.fr\/index.php\/wp-json\/wp\/v2\/pages\/499\/revisions\/931"}],"wp:attachment":[{"href":"https:\/\/studioarcs.fr\/index.php\/wp-json\/wp\/v2\/media?parent=499"}],"curies":[{"name":"wp","href":"https:\/\/api.w.org\/{rel}","templated":true}]}}