{"id":511,"date":"2025-05-28T14:39:15","date_gmt":"2025-05-28T12:39:15","guid":{"rendered":"https:\/\/studioarcs.fr\/?page_id=511"},"modified":"2025-05-28T17:35:17","modified_gmt":"2025-05-28T15:35:17","slug":"que-faire-aux-arcs-1600","status":"publish","type":"page","link":"https:\/\/studioarcs.fr\/index.php\/que-faire-aux-arcs-1600\/","title":{"rendered":"Que faire aux Arcs 1600"},"content":{"rendered":"\n<p class=\"has-text-align-center has-x-large-font-size\">QUE FAIRE AUX ARCS ?<\/p>\n\n\n\n<p>Du ski, \u00e9videmment ! Mais pas que !!!<\/p>\n\n\n\n<p>D\u2019abord, rappelez vous qu\u2019il y a des navettes gratuites \u00e0 disposition pour visiter les diff\u00e9rents villages.&nbsp;<strong>Vous n\u2019aurez pas \u00e0 utiliser votre voiture !<\/strong><\/p>\n\n\n\n<figure class=\"wp-block-image aligncenter\"><img loading=\"lazy\" decoding=\"async\" width=\"1024\" height=\"768\" src=\"https:\/\/studioarcs.fr\/wp-content\/uploads\/2025\/05\/funiculairebsma1600stationbusle19032019-e1553116378881.jpg\" alt=\"\" class=\"wp-image-289\" srcset=\"https:\/\/studioarcs.fr\/wp-content\/uploads\/2025\/05\/funiculairebsma1600stationbusle19032019-e1553116378881.jpg 1024w, https:\/\/studioarcs.fr\/wp-content\/uploads\/2025\/05\/funiculairebsma1600stationbusle19032019-e1553116378881-300x225.jpg 300w, https:\/\/studioarcs.fr\/wp-content\/uploads\/2025\/05\/funiculairebsma1600stationbusle19032019-e1553116378881-768x576.jpg 768w\" sizes=\"(max-width: 1024px) 100vw, 1024px\" \/><\/figure>\n\n\n\n<p>Je vous conseille d\u2019aller vous d\u00e9tendre dans les hammams et saunas au&nbsp;<strong>Centre Nautique \u00e0 Arc 1800<\/strong>, ou bien visiter le spa&nbsp;<strong>Nama Springs \u00e0 Arc 1800<\/strong>&nbsp;et sa piscine ext\u00e9rieure chauff\u00e9e (m\u00eame en hiver), ou encore le spa&nbsp;<strong>Deep Nature \u00e0 Arc 1950<\/strong>&nbsp;avec ses bains ext\u00e9rieurs.<\/p>\n\n\n\n<p>Vous pouvez vous balader en&nbsp;<strong>raquettes<\/strong>, ou faire une balade avec des&nbsp;<strong>chiens de traineau<\/strong>&nbsp;entre Arc 1600 et Arc 1950.<\/p>\n\n\n\n<p>Aller visiter le village Arc 1950.<\/p>\n\n\n\n<figure class=\"wp-block-image aligncenter\"><img loading=\"lazy\" decoding=\"async\" width=\"524\" height=\"350\" src=\"https:\/\/studioarcs.fr\/wp-content\/uploads\/2025\/05\/c-andy-parant-8-65ae532c36ce6486270001.jpg\" alt=\"\" class=\"wp-image-320\" srcset=\"https:\/\/studioarcs.fr\/wp-content\/uploads\/2025\/05\/c-andy-parant-8-65ae532c36ce6486270001.jpg 524w, https:\/\/studioarcs.fr\/wp-content\/uploads\/2025\/05\/c-andy-parant-8-65ae532c36ce6486270001-300x200.jpg 300w\" sizes=\"(max-width: 524px) 100vw, 524px\" \/><\/figure>\n\n\n\n<p>Sans oublier les quelques restaurants sur la station de Arc 1600, boire un coup au pub l&rsquo;Abreuvoir ou rentrer boire un coup \u00e0 l&rsquo;h\u00f4tel la Cachette et vous installer dans les fauteuils de son salon.<\/p>\n\n\n\n<p><\/p>\n\n\n\n<hr class=\"wp-block-separator has-alpha-channel-opacity\"\/>\n\n\n\n<p>Le centre nautique \u00e0 Arc 1800 :<\/p>\n\n\n\n<figure class=\"wp-block-image aligncenter\"><img loading=\"lazy\" decoding=\"async\" width=\"2560\" height=\"1440\" src=\"https:\/\/studioarcs.fr\/wp-content\/uploads\/2025\/05\/17268-scaled-1-1-1.jpeg\" alt=\"\" class=\"wp-image-348\" srcset=\"https:\/\/studioarcs.fr\/wp-content\/uploads\/2025\/05\/17268-scaled-1-1-1.jpeg 2560w, https:\/\/studioarcs.fr\/wp-content\/uploads\/2025\/05\/17268-scaled-1-1-1-300x169.jpeg 300w, https:\/\/studioarcs.fr\/wp-content\/uploads\/2025\/05\/17268-scaled-1-1-1-1024x576.jpeg 1024w\" sizes=\"(max-width: 2560px) 100vw, 2560px\" \/><\/figure>\n\n\n\n<hr class=\"wp-block-separator has-alpha-channel-opacity\"\/>\n\n\n\n<p><a href=\"https:\/\/namasprings.com\/\">Spa NamaSpring \u00e0 Arc 1800 :<\/a><\/p>\n\n\n\n<figure class=\"wp-block-image aligncenter\"><img loading=\"lazy\" decoding=\"async\" width=\"512\" height=\"341\" src=\"https:\/\/studioarcs.fr\/wp-content\/uploads\/2025\/05\/nama2.jpg\" alt=\"\" class=\"wp-image-315\" srcset=\"https:\/\/studioarcs.fr\/wp-content\/uploads\/2025\/05\/nama2.jpg 512w, https:\/\/studioarcs.fr\/wp-content\/uploads\/2025\/05\/nama2-300x200.jpg 300w\" sizes=\"(max-width: 512px) 100vw, 512px\" \/><\/figure>\n\n\n\n<figure class=\"wp-block-image aligncenter\"><img loading=\"lazy\" decoding=\"async\" width=\"512\" height=\"288\" src=\"https:\/\/studioarcs.fr\/wp-content\/uploads\/2025\/05\/namaspring.jpg\" alt=\"\" class=\"wp-image-316\" srcset=\"https:\/\/studioarcs.fr\/wp-content\/uploads\/2025\/05\/namaspring.jpg 512w, https:\/\/studioarcs.fr\/wp-content\/uploads\/2025\/05\/namaspring-300x169.jpg 300w\" sizes=\"(max-width: 512px) 100vw, 512px\" \/><\/figure>\n\n\n\n<hr class=\"wp-block-separator has-alpha-channel-opacity\"\/>\n\n\n\n<p><a href=\"https:\/\/www.deepnature.fr\/dn_fr\/spa-arc-1950-les-sources-de-marie.html\">Spa Deep Nature \u00e0 Arc 1950 :<\/a><\/p>\n\n\n\n<figure class=\"wp-block-image aligncenter\"><img loading=\"lazy\" decoding=\"async\" width=\"490\" height=\"600\" src=\"https:\/\/studioarcs.fr\/wp-content\/uploads\/2025\/05\/ski-village-arc-195014-490x600-1.webp\" alt=\"\" class=\"wp-image-317\" srcset=\"https:\/\/studioarcs.fr\/wp-content\/uploads\/2025\/05\/ski-village-arc-195014-490x600-1.webp 490w, https:\/\/studioarcs.fr\/wp-content\/uploads\/2025\/05\/ski-village-arc-195014-490x600-1-245x300.webp 245w\" sizes=\"(max-width: 490px) 100vw, 490px\" \/><\/figure>\n\n\n\n<figure class=\"wp-block-image aligncenter\"><img loading=\"lazy\" decoding=\"async\" width=\"673\" height=\"395\" src=\"https:\/\/studioarcs.fr\/wp-content\/uploads\/2025\/05\/deep-nature-spa-les-arcs-1950-spa-pool-les-arcs-1950.jpg\" alt=\"\" class=\"wp-image-318\" srcset=\"https:\/\/studioarcs.fr\/wp-content\/uploads\/2025\/05\/deep-nature-spa-les-arcs-1950-spa-pool-les-arcs-1950.jpg 673w, https:\/\/studioarcs.fr\/wp-content\/uploads\/2025\/05\/deep-nature-spa-les-arcs-1950-spa-pool-les-arcs-1950-300x176.jpg 300w\" sizes=\"(max-width: 673px) 100vw, 673px\" \/><\/figure>\n\n\n\n<hr class=\"wp-block-separator has-alpha-channel-opacity\"\/>\n\n\n\n<p><a href=\"https:\/\/www.lafoliedouce.com\/fr\/les-arcs.html\">La Folie Douce Arc 1800<\/a><\/p>\n\n\n\n<figure class=\"wp-block-image aligncenter\"><img loading=\"lazy\" decoding=\"async\" width=\"900\" height=\"506\" src=\"https:\/\/studioarcs.fr\/wp-content\/uploads\/2025\/05\/un-superbe-couche-de.jpg\" alt=\"\" class=\"wp-image-319\" srcset=\"https:\/\/studioarcs.fr\/wp-content\/uploads\/2025\/05\/un-superbe-couche-de.jpg 900w, https:\/\/studioarcs.fr\/wp-content\/uploads\/2025\/05\/un-superbe-couche-de-300x169.jpg 300w, https:\/\/studioarcs.fr\/wp-content\/uploads\/2025\/05\/un-superbe-couche-de-768x432.jpg 768w\" sizes=\"(max-width: 900px) 100vw, 900px\" \/><\/figure>\n\n\n\n<hr class=\"wp-block-separator has-alpha-channel-opacity\"\/>\n\n\n\n<div class=\"wp-block-group is-style-section-5 has-global-padding is-layout-constrained wp-block-group-is-layout-constrained is-style-section-5--1\">\n<p class=\"has-text-align-center\"><a href=\"https:\/\/studioarcs.fr\/index.php\/livret-daccueil-arc-1600\/\">Livret d\u2019accueil<\/a><\/p>\n\n\n\n<p class=\"has-text-align-center\"><a href=\"https:\/\/studioarcs.fr\/index.php\/bienvenue-a-arc-1600\/\">Bienvenue \u00e0 Arc 1600<\/a><\/p>\n\n\n\n<p class=\"has-text-align-center\"><a href=\"https:\/\/studioarcs.fr\/index.php\/a-mettre-dans-vos-bagages-1600\/\">A mettre dans vos bagages<\/a><\/p>\n\n\n\n<p class=\"has-text-align-center\"><a href=\"https:\/\/studioarcs.fr\/index.php\/venir-a-arc-1600-en-voiture\/\">Venir \u00e0 Arc 1600 en voiture. Solutions de parking<\/a><\/p>\n\n\n\n<p class=\"has-text-align-center\"><a href=\"https:\/\/studioarcs.fr\/index.php\/venir-en-train-et-utiliser-le-funiculaire-1600\/\">Venir \u00e0 Arc 1600 en train<\/a><\/p>\n\n\n\n<p class=\"has-text-align-center\"><a href=\"https:\/\/studioarcs.fr\/index.php\/comment-recuperer-les-cles-1600\/\">R\u00e9cup\u00e9rer les cl\u00e9s<\/a><\/p>\n\n\n\n<p class=\"has-text-align-center\"><a href=\"https:\/\/studioarcs.fr\/index.php\/checkin-1600\/\">Arriv\u00e9e au studio \/ Ce que vous trouverez\/ Check In<\/a><\/p>\n\n\n\n<p class=\"has-text-align-center\"><a href=\"https:\/\/studioarcs.fr\/index.php\/que-faire-aux-arcs-1600\/\">Que faire aux Arcs ?<\/a><\/p>\n\n\n\n<p class=\"has-text-align-center\"><a href=\"https:\/\/studioarcs.fr\/index.php\/fin-de-sejour-1600\/\">Fin de s\u00e9jour \/ M\u00e9nage<\/a><\/p>\n\n\n\n<p class=\"has-text-align-center\"><a href=\"https:\/\/studioarcs.fr\/index.php\/a-la-prochaine-1600\/\">A la prochaine !<\/a><\/p>\n\n\n\n<hr class=\"wp-block-separator has-alpha-channel-opacity\"\/>\n\n\n\n<p class=\"has-text-align-center\"><a href=\"https:\/\/studioarcs.fr\/index.php\/english-booklet-1600\/\">English<\/a><\/p>\n\n\n<\/div>\n","protected":false},"excerpt":{"rendered":"<p>QUE FAIRE AUX ARCS ? Du ski, \u00e9videmment ! Mais pas que !!! D\u2019abord, rappelez vous qu\u2019il y a des navettes gratuites \u00e0 disposition pour visiter les diff\u00e9rents villages.&nbsp;Vous n\u2019aurez pas \u00e0 utiliser votre voiture ! Je vous conseille d\u2019aller vous d\u00e9tendre dans les hammams et saunas au&nbsp;Centre Nautique \u00e0 Arc 1800, ou bien visiter [&hellip;]<\/p>\n","protected":false},"author":1,"featured_media":0,"parent":0,"menu_order":0,"comment_status":"closed","ping_status":"closed","template":"","meta":{"saved_in_kubio":false,"footnotes":""},"class_list":["post-511","page","type-page","status-publish","hentry"],"kubio_ai_page_context":{"short_desc":"","purpose":"general"},"_links":{"self":[{"href":"https:\/\/studioarcs.fr\/index.php\/wp-json\/wp\/v2\/pages\/511","targetHints":{"allow":["GET"]}}],"collection":[{"href":"https:\/\/studioarcs.fr\/index.php\/wp-json\/wp\/v2\/pages"}],"about":[{"href":"https:\/\/studioarcs.fr\/index.php\/wp-json\/wp\/v2\/types\/page"}],"author":[{"embeddable":true,"href":"https:\/\/studioarcs.fr\/index.php\/wp-json\/wp\/v2\/users\/1"}],"replies":[{"embeddable":true,"href":"https:\/\/studioarcs.fr\/index.php\/wp-json\/wp\/v2\/comments?post=511"}],"version-history":[{"count":3,"href":"https:\/\/studioarcs.fr\/index.php\/wp-json\/wp\/v2\/pages\/511\/revisions"}],"predecessor-version":[{"id":567,"href":"https:\/\/studioarcs.fr\/index.php\/wp-json\/wp\/v2\/pages\/511\/revisions\/567"}],"wp:attachment":[{"href":"https:\/\/studioarcs.fr\/index.php\/wp-json\/wp\/v2\/media?parent=511"}],"curies":[{"name":"wp","href":"https:\/\/api.w.org\/{rel}","templated":true}]}}