{"id":519,"date":"2025-05-28T15:08:36","date_gmt":"2025-05-28T13:08:36","guid":{"rendered":"https:\/\/studioarcs.fr\/?page_id=519"},"modified":"2026-03-09T11:16:26","modified_gmt":"2026-03-09T10:16:26","slug":"english-booklet-1600","status":"publish","type":"page","link":"https:\/\/studioarcs.fr\/index.php\/english-booklet-1600\/","title":{"rendered":"English booklet 1600"},"content":{"rendered":"\n<p>The key points of the welcome booklet translated into English.<\/p>\n\n\n\n<figure class=\"wp-block-image aligncenter size-medium\"><img loading=\"lazy\" decoding=\"async\" width=\"300\" height=\"188\" src=\"https:\/\/studioarcs.fr\/wp-content\/uploads\/2025\/05\/flag-300x188.png\" alt=\"\" class=\"wp-image-427\" srcset=\"https:\/\/studioarcs.fr\/wp-content\/uploads\/2025\/05\/flag-300x188.png 300w, https:\/\/studioarcs.fr\/wp-content\/uploads\/2025\/05\/flag.png 713w\" sizes=\"(max-width: 300px) 100vw, 300px\" \/><\/figure>\n\n\n\n<hr class=\"wp-block-separator has-alpha-channel-opacity\"\/>\n\n\n\n\n\n<p><strong>Table of Contents :<\/strong><\/p>\n\n\n\n<ul class=\"wp-block-list\">\n<li>Key points to remember<\/li>\n\n\n\n<li>How to get the keys?<\/li>\n\n\n\n<li>Check-in<\/li>\n\n\n\n<li>During your stay<\/li>\n\n\n\n<li>Check-out<\/li>\n\n\n\n<li>Share the studio at the begining or at the end of your stay<\/li>\n\n\n\n<li>Useful GoogleMaps coordinates<\/li>\n<\/ul>\n\n\n\n<hr class=\"wp-block-separator has-alpha-channel-opacity\"\/>\n\n\n\n<div class=\"wp-block-group is-style-section-1 has-global-padding is-layout-constrained wp-block-group-is-layout-constrained is-style-section-1--1\">\n<p><strong>Key points to remember:<\/strong><\/p>\n\n\n\n\n\n<ul class=\"wp-block-list\">\n<li><strong>Linen is not provided<\/strong>. You will therefore need to bring your own bed linen and towels. There are pillows and blankets in the studio, but no sheets or pillowcases. You can rent linen sets, but you must reserve them in advance. Please contact me if you need to rent linen (2 beds 90\u00d7190, 1 beds 140\u00d7190)<\/li>\n\n\n\n<li><strong>You can rent linen<\/strong> here: <a href=\"https:\/\/www.conciergerie-services-savoie.fr\/\">https:\/\/www.conciergerie-services-savoie.fr\/<\/a> . Send them a mail now at contact@lecomptoirdesarcs.com to reserve or call them at +33 4 79 06 79 12. They are opened 14h to 19h. It\u2019s exactly there, at 300m of the studio <a href=\"https:\/\/maps.app.goo.gl\/guHpYMebqFkMFDo96?g_st=ipc\">https:\/\/maps.app.goo.gl\/guHpYMebqFkMFDo96?g_st=ipc<\/a><\/li>\n\n\n\n<li><strong>Cleaning must be done at the end of your stay<\/strong>. You will need to contact me via WhatsApp to do a video call and check the overall condition of the studio. If cleaning is not done or is unsatisfactory,<strong>&nbsp;a \u20ac200 deposit will be retained<\/strong>.<\/li>\n<\/ul>\n\n\n\n<hr class=\"wp-block-separator has-alpha-channel-opacity\"\/>\n<\/div>\n\n\n\n<p><strong>Go to the studio<\/strong><\/p>\n\n\n\n<p>Click on the icon of your favorite GPS below to guide you to the exact location::<\/p>\n\n\n\n<div class=\"wp-block-columns is-layout-flex wp-container-core-columns-is-layout-28f84493 wp-block-columns-is-layout-flex\">\n<div class=\"wp-block-column is-layout-flow wp-block-column-is-layout-flow\">\n<p>The exact place of the studio : <\/p>\n<\/div>\n\n\n\n<div class=\"wp-block-column is-layout-flow wp-block-column-is-layout-flow\"><\/div>\n<\/div>\n\n\n\n<div class=\"wp-block-columns is-layout-flex wp-container-core-columns-is-layout-28f84493 wp-block-columns-is-layout-flex\">\n<div class=\"wp-block-column is-layout-flow wp-block-column-is-layout-flow\">\n<p>The drop-off point for unloading your luggage if you come by car<\/p>\n<\/div>\n\n\n\n<div class=\"wp-block-column is-layout-flow wp-block-column-is-layout-flow\"><\/div>\n<\/div>\n\n\n\n<div class=\"wp-block-columns is-layout-flex wp-container-core-columns-is-layout-28f84493 wp-block-columns-is-layout-flex\">\n<div class=\"wp-block-column is-layout-flow wp-block-column-is-layout-flow\">\n<p><a href=\"https:\/\/maps.app.goo.gl\/jvHTKwsUaYQYtMT47\">Free Parking to park your car during your stay<\/a><\/p>\n<\/div>\n\n\n\n<div class=\"wp-block-column is-layout-flow wp-block-column-is-layout-flow\"><\/div>\n<\/div>\n\n\n\n<hr class=\"wp-block-separator has-alpha-channel-opacity\"\/>\n\n\n\n<p><strong>Getting the keys:<\/strong><\/p>\n\n\n\n<figure class=\"wp-block-image aligncenter is-resized\"><img loading=\"lazy\" decoding=\"async\" width=\"612\" height=\"477\" src=\"https:\/\/studioarcs.fr\/wp-content\/uploads\/2025\/05\/istockphoto-1315317947-612x612-1.jpg\" alt=\"\" class=\"wp-image-371\" style=\"width:213px;height:auto\" srcset=\"https:\/\/studioarcs.fr\/wp-content\/uploads\/2025\/05\/istockphoto-1315317947-612x612-1.jpg 612w, https:\/\/studioarcs.fr\/wp-content\/uploads\/2025\/05\/istockphoto-1315317947-612x612-1-300x234.jpg 300w\" sizes=\"(max-width: 612px) 100vw, 612px\" \/><\/figure>\n\n\n\n<p>You will fin the keys in a secure box, in the sky case at the entrance of the residence. <\/p>\n\n\n\n<p>Door 2 at the top of the residence<\/p>\n\n\n\n\n\n<p>Ski case #525 (number of the studio)<\/p>\n\n\n\n\n\n<hr class=\"wp-block-separator has-alpha-channel-opacity\"\/>\n\n\n\n<div class=\"wp-block-group is-style-section-2 has-global-padding is-layout-constrained wp-block-group-is-layout-constrained is-style-section-2--2\">\n<p><strong>Check in :<\/strong><\/p>\n\n\n\n<p>Please do a quick tour of the studio and inform me if you find any broken items, or&nbsp;<strong>if the cleaning done by previous tenants is not satisfactory so I can retain their deposit<\/strong> of 200\u20ac.<\/p>\n<\/div>\n\n\n\n<hr class=\"wp-block-separator has-alpha-channel-opacity\"\/>\n\n\n\n<div class=\"wp-block-group is-style-section-3 has-global-padding is-layout-constrained wp-block-group-is-layout-constrained is-style-section-3--3\">\n<p>You are asked to respect the premises and the neighborhood.&nbsp;<strong>Noise is prohibited between 10:00 PM and 8:00 AM<\/strong>.<\/p>\n\n\n\n<figure class=\"wp-block-image aligncenter is-resized\"><img loading=\"lazy\" decoding=\"async\" width=\"612\" height=\"547\" src=\"https:\/\/studioarcs.fr\/wp-content\/uploads\/2025\/05\/istockphoto-1196315460-612x612-1.jpg\" alt=\"\" class=\"wp-image-425\" style=\"width:136px;height:auto\" srcset=\"https:\/\/studioarcs.fr\/wp-content\/uploads\/2025\/05\/istockphoto-1196315460-612x612-1.jpg 612w, https:\/\/studioarcs.fr\/wp-content\/uploads\/2025\/05\/istockphoto-1196315460-612x612-1-300x268.jpg 300w\" sizes=\"(max-width: 612px) 100vw, 612px\" \/><\/figure>\n<\/div>\n\n\n\n<hr class=\"wp-block-separator has-alpha-channel-opacity\"\/>\n\n\n\n<div class=\"wp-block-group is-style-section-1 has-global-padding is-layout-constrained wp-block-group-is-layout-constrained is-style-section-1--4\">\n<div class=\"wp-block-group has-global-padding is-layout-constrained wp-block-group-is-layout-constrained\">\n<p id=\"checkout\"><strong>Check out :<\/strong><\/p>\n\n\n\n<figure class=\"wp-block-image\"><img loading=\"lazy\" decoding=\"async\" width=\"652\" height=\"438\" src=\"https:\/\/studioarcs.fr\/wp-content\/uploads\/2025\/05\/menage-france-etude-sondage.jpg\" alt=\"\" class=\"wp-image-304\" srcset=\"https:\/\/studioarcs.fr\/wp-content\/uploads\/2025\/05\/menage-france-etude-sondage.jpg 652w, https:\/\/studioarcs.fr\/wp-content\/uploads\/2025\/05\/menage-france-etude-sondage-300x202.jpg 300w\" sizes=\"(max-width: 652px) 100vw, 652px\" \/><\/figure>\n<\/div>\n\n\n\n<p><strong>The studio must be left clean, otherwise a \u20ac200 deposit will be charged.<\/strong><\/p>\n\n\n\n<p>For cleaning:<\/p>\n\n\n\n<ul class=\"wp-block-list\">\n<li><strong>In the bathroom<\/strong>: Empty the small trash can, clean the toilet bowl, clean the shower and sink and countertop, clean the floor.<\/li>\n\n\n\n<li><strong>In the kitchen<\/strong>: Clean countertop, dishes washed and put away, clean shelves, clean oven and microwave, refrigerator emptied and cleaned, properly clean the raclette and fondue appliances if you have used them.<\/li>\n\n\n\n<li><strong>In the living room<\/strong>: Arrange it as it was upon your arrival. Clean the table thoroughly. Remove any crumbs from the beds. Replace the bedspreads and place the folded duvets on the beds with the pillows on the beds.<\/li>\n\n\n\n<li><strong>Floor<\/strong>: Vacuum all carpeted areas and mop the hallway and bathroom surfaces.<\/li>\n<\/ul>\n\n\n\n\n\n<p><strong>Trash<\/strong>&nbsp;and glass must be taken to the&nbsp;<strong>containers<\/strong>&nbsp;you will on the parking. You can also bring trash to the trash local, the left door just leaving the reseidence.<\/p>\n\n\n\n<p><strong>When leaving:<\/strong><\/p>\n\n\n\n<ul class=\"wp-block-list\">\n<li>Turn off the power if I have asked you to.<\/li>\n\n\n\n<li>Let me know if there has been any damage or breakage, so that I can make arrangements for replacement. Don\u2019t panic, it happens to everyone to break a plate or a glass\u2026<\/li>\n\n\n\n<li>Before leaving, take a look around to check that&nbsp;<strong>you haven\u2019t forgotten anything<\/strong>. Not being on site, your forgotten items will probably be taken by the next guests (or the ones after that), and I absolutely cannot guarantee that I will be able to return them to you.<\/li>\n\n\n\n<li><strong>Call me by whatsApp video<\/strong>&nbsp;to check the tidiness of the studio.\n<ul class=\"wp-block-list\">\n<li>Thierry at +33 6 98 26 25 66<\/li>\n<\/ul>\n<\/li>\n<\/ul>\n<\/div>\n\n\n\n<p><button onclick=\"startWhatsAppVideoCall('33698262566')\">\n    \ud83d\udcf9 Call me on WhatsApp\n<\/button>\n\n<script>\nfunction startWhatsAppVideoCall(phoneNumber) {\n    const message = encodeURIComponent(\"Hi ! Can you cal me for on video ?\");\n    const url = `https:\/\/wa.me\/${phoneNumber}?text=${message}`;\n    window.open(url, '_blank');\n}\n<\/script><\/p>\n\n\n\n<figure class=\"wp-block-image\"><img loading=\"lazy\" decoding=\"async\" width=\"1200\" height=\"600\" src=\"https:\/\/studioarcs.fr\/wp-content\/uploads\/2025\/05\/y8-PTBaP90a.png\" alt=\"\" class=\"wp-image-254\" srcset=\"https:\/\/studioarcs.fr\/wp-content\/uploads\/2025\/05\/y8-PTBaP90a.png 1200w, https:\/\/studioarcs.fr\/wp-content\/uploads\/2025\/05\/y8-PTBaP90a-300x150.png 300w, https:\/\/studioarcs.fr\/wp-content\/uploads\/2025\/05\/y8-PTBaP90a-1024x512.png 1024w, https:\/\/studioarcs.fr\/wp-content\/uploads\/2025\/05\/y8-PTBaP90a-768x384.png 768w\" sizes=\"(max-width: 1200px) 100vw, 1200px\" \/><\/figure>\n\n\n\n<hr class=\"wp-block-separator has-alpha-channel-opacity\"\/>\n\n\n\n<div class=\"wp-block-group is-style-section-3 has-global-padding is-layout-constrained wp-block-group-is-layout-constrained is-style-section-3--5\">\n<p><strong>Share the studio at the beginning ou at the end of your stay<\/strong><\/p>\n\n\n\n<p>The studio must be ready to be handed over at 1:00 PM. <\/p>\n\n\n\n<p>But so that everyone can enjoy the most of their stay, you can drop off your belongings in the studio on the day of your arrival and go skiing for the day, or leave your belongings in the studio on the day of departure and come back to collect them at the end of the day. <\/p>\n\n\n\n<p>For this purpose, everyone share the keys on the first and last day by leaving them in the secure box if they need to be away, to allow others to drop off or collect their belongings. <\/p>\n\n\n\n<p>Departing people must leave the studio clean before going out so that those arriving can settle into a clean studio. A WhatsApp video call will be conducted in the morning to confirm that the studio has been properly tidied up.<\/p>\n\n\n\n<hr class=\"wp-block-separator has-alpha-channel-opacity\"\/>\n<\/div>\n\n\n\n<p><strong>Useful GoogleMaps coordinates:<\/strong><\/p>\n\n\n\n<figure class=\"wp-block-image aligncenter is-resized\"><img loading=\"lazy\" decoding=\"async\" width=\"1400\" height=\"932\" src=\"https:\/\/studioarcs.fr\/wp-content\/uploads\/2025\/05\/Google-Maps.webp\" alt=\"\" class=\"wp-image-295\" style=\"width:170px;height:auto\" srcset=\"https:\/\/studioarcs.fr\/wp-content\/uploads\/2025\/05\/Google-Maps.webp 1400w, https:\/\/studioarcs.fr\/wp-content\/uploads\/2025\/05\/Google-Maps-300x200.webp 300w, https:\/\/studioarcs.fr\/wp-content\/uploads\/2025\/05\/Google-Maps-1024x682.webp 1024w, https:\/\/studioarcs.fr\/wp-content\/uploads\/2025\/05\/Google-Maps-768x511.webp 768w\" sizes=\"(max-width: 1400px) 100vw, 1400px\" \/><\/figure>\n\n\n\n<p><\/p>\n\n\n\n<ul class=\"wp-block-list\">\n<li><a href=\"https:\/\/maps.app.goo.gl\/tQqcL8FegmdnqjgS7\" data-type=\"link\" data-id=\"https:\/\/maps.app.goo.gl\/tQqcL8FegmdnqjgS7\">The exact place of the studio<\/a><\/li>\n\n\n\n<li><a href=\"https:\/\/maps.app.goo.gl\/cGPbWzBeRbRE1EXM9\" data-type=\"link\" data-id=\"https:\/\/maps.app.goo.gl\/cGPbWzBeRbRE1EXM9\">The drop-off point for unloading your luggage<\/a><\/li>\n\n\n\n<li><a href=\"https:\/\/maps.app.goo.gl\/jvHTKwsUaYQYtMT47\" data-type=\"link\" data-id=\"https:\/\/maps.app.goo.gl\/jvHTKwsUaYQYtMT47\">Free Parking to park your car during your stay<\/a><\/li>\n<\/ul>\n\n\n\n<hr class=\"wp-block-separator has-alpha-channel-opacity\"\/>\n\n\n\n<div class=\"wp-block-group is-style-section-5 has-global-padding is-layout-constrained wp-block-group-is-layout-constrained is-style-section-5--6\">\n<p class=\"has-text-align-center\"><a href=\"https:\/\/studioarcs.fr\/index.php\/livret-daccueil-arc-1600\/\">Livret d\u2019accueil<\/a><\/p>\n\n\n\n<p class=\"has-text-align-center\"><a href=\"https:\/\/studioarcs.fr\/index.php\/bienvenue-a-arc-1600\/\">Bienvenue \u00e0 Arc 1600<\/a><\/p>\n\n\n\n<p class=\"has-text-align-center\"><a href=\"https:\/\/studioarcs.fr\/index.php\/a-mettre-dans-vos-bagages-1600\/\">A mettre dans vos bagages<\/a><\/p>\n\n\n\n<p class=\"has-text-align-center\"><a href=\"https:\/\/studioarcs.fr\/index.php\/venir-a-arc-1600-en-voiture\/\">Venir \u00e0 Arc 1600 en voiture. Solutions de parking<\/a><\/p>\n\n\n\n<p class=\"has-text-align-center\"><a href=\"https:\/\/studioarcs.fr\/index.php\/venir-en-train-et-utiliser-le-funiculaire-1600\/\">Venir \u00e0 Arc 1600 en train<\/a><\/p>\n\n\n\n<p class=\"has-text-align-center\"><a href=\"https:\/\/studioarcs.fr\/index.php\/comment-recuperer-les-cles-1600\/\">R\u00e9cup\u00e9rer les cl\u00e9s<\/a><\/p>\n\n\n\n<p class=\"has-text-align-center\"><a href=\"https:\/\/studioarcs.fr\/index.php\/checkin-1600\/\">Arriv\u00e9e au studio \/ Ce que vous trouverez\/ Check In<\/a><\/p>\n\n\n\n<p class=\"has-text-align-center\"><a href=\"https:\/\/studioarcs.fr\/index.php\/que-faire-aux-arcs-1600\/\">Que faire aux Arcs ?<\/a><\/p>\n\n\n\n<p class=\"has-text-align-center\"><a href=\"https:\/\/studioarcs.fr\/index.php\/fin-de-sejour-1600\/\">Fin de s\u00e9jour \/ M\u00e9nage<\/a><\/p>\n\n\n\n<p class=\"has-text-align-center\"><a href=\"https:\/\/studioarcs.fr\/index.php\/a-la-prochaine-1600\/\">A la prochaine !<\/a><\/p>\n\n\n\n<hr class=\"wp-block-separator has-alpha-channel-opacity\"\/>\n\n\n\n<p class=\"has-text-align-center\"><a href=\"https:\/\/studioarcs.fr\/index.php\/english-booklet-1600\/\">English<\/a><\/p>\n\n\n<\/div>\n\n\n\n<p><\/p>\n","protected":false},"excerpt":{"rendered":"<p>The key points of the welcome booklet translated into English. Table of Contents : Key points to remember: Go to the studio Click on the icon of your favorite GPS below to guide you to the exact location:: The exact place of the studio : The drop-off point for unloading your luggage if you come [&hellip;]<\/p>\n","protected":false},"author":1,"featured_media":0,"parent":0,"menu_order":0,"comment_status":"closed","ping_status":"closed","template":"","meta":{"saved_in_kubio":false,"footnotes":""},"class_list":["post-519","page","type-page","status-publish","hentry"],"kubio_ai_page_context":{"short_desc":"","purpose":"general"},"_links":{"self":[{"href":"https:\/\/studioarcs.fr\/index.php\/wp-json\/wp\/v2\/pages\/519","targetHints":{"allow":["GET"]}}],"collection":[{"href":"https:\/\/studioarcs.fr\/index.php\/wp-json\/wp\/v2\/pages"}],"about":[{"href":"https:\/\/studioarcs.fr\/index.php\/wp-json\/wp\/v2\/types\/page"}],"author":[{"embeddable":true,"href":"https:\/\/studioarcs.fr\/index.php\/wp-json\/wp\/v2\/users\/1"}],"replies":[{"embeddable":true,"href":"https:\/\/studioarcs.fr\/index.php\/wp-json\/wp\/v2\/comments?post=519"}],"version-history":[{"count":14,"href":"https:\/\/studioarcs.fr\/index.php\/wp-json\/wp\/v2\/pages\/519\/revisions"}],"predecessor-version":[{"id":1119,"href":"https:\/\/studioarcs.fr\/index.php\/wp-json\/wp\/v2\/pages\/519\/revisions\/1119"}],"wp:attachment":[{"href":"https:\/\/studioarcs.fr\/index.php\/wp-json\/wp\/v2\/media?parent=519"}],"curies":[{"name":"wp","href":"https:\/\/api.w.org\/{rel}","templated":true}]}}