{"id":584,"date":"2025-06-20T11:29:48","date_gmt":"2025-06-20T09:29:48","guid":{"rendered":"https:\/\/studioarcs.fr\/?page_id=584"},"modified":"2026-03-04T18:07:14","modified_gmt":"2026-03-04T17:07:14","slug":"faq1800","status":"publish","type":"page","link":"https:\/\/studioarcs.fr\/index.php\/faq1800\/","title":{"rendered":"FAQ1800"},"content":{"rendered":"\n<h2 class=\"wp-block-heading\">FAQ Location de Thierry \u00e0 Arc 1800<\/h2>\n\n\n\n\n\n<hr class=\"wp-block-separator has-alpha-channel-opacity\"\/>\n\n\n\n\n\n<hr class=\"wp-block-separator has-alpha-channel-opacity\"\/>\n\n\n\n<p><strong>Une semaine avant votre arriv\u00e9e<\/strong>, vous recevrez par messagerie un lien vers le livret d&rsquo;accueil qui vous donnera toutes les infos pratiques sur le studio que vous avez lou\u00e9 \u00e0 <strong>Arc 1800<\/strong>, dans le <strong>quartier du Charvet<\/strong>.<\/p>\n\n\n\n<p>Vous avez certainement des questions pour pr\u00e9parer votre voyage ou simplement confirmer que vous avez fait le bon choix. <\/p>\n\n\n\n<p>Voici donc un petit floril\u00e8ge des questions fr\u00e9quentes que mes locataires me posent avant ou apr\u00e8s avoir r\u00e9serv\u00e9. Je vous laisse en prendre connaissance, et <strong>m&rsquo;appeler au +33 6 98 26 25 66 <\/strong>si vous avez d&rsquo;autres questions.<\/p>\n\n\n\n\n\n<figure class=\"wp-block-image size-large\"><img loading=\"lazy\" decoding=\"async\" width=\"572\" height=\"1024\" src=\"https:\/\/studioarcs.fr\/wp-content\/uploads\/2025\/12\/Miravidi-572x1024.png\" alt=\"\" class=\"wp-image-859\" srcset=\"https:\/\/studioarcs.fr\/wp-content\/uploads\/2025\/12\/Miravidi-572x1024.png 572w, https:\/\/studioarcs.fr\/wp-content\/uploads\/2025\/12\/Miravidi-167x300.png 167w, https:\/\/studioarcs.fr\/wp-content\/uploads\/2025\/12\/Miravidi-768x1376.png 768w, https:\/\/studioarcs.fr\/wp-content\/uploads\/2025\/12\/Miravidi-857x1536.png 857w, https:\/\/studioarcs.fr\/wp-content\/uploads\/2025\/12\/Miravidi-1143x2048.png 1143w, https:\/\/studioarcs.fr\/wp-content\/uploads\/2025\/12\/Miravidi-603x1080.png 603w, https:\/\/studioarcs.fr\/wp-content\/uploads\/2025\/12\/Miravidi-scaled.png 1429w\" sizes=\"(max-width: 572px) 100vw, 572px\" \/><\/figure>\n\n\n\n<hr class=\"wp-block-separator has-alpha-channel-opacity\"\/>\n\n\n\n<div class=\"wp-block-group is-style-section-1 has-global-padding is-layout-constrained wp-block-group-is-layout-constrained is-style-section-1--1\">\n<p><strong>Emplacement du studio<\/strong><\/p>\n\n\n\n\n\n<p>Le studio est situ\u00e9 au coeur du quartier du Charvet, \u00e0 proximit\u00e9 des commerces et quasiment au pied des pistes. Pour visualiser sur un plan c&rsquo;est ici (all\u00e9e des terrasses) :<\/p>\n\n\n<\/div>\n\n\n\n<hr class=\"wp-block-separator has-alpha-channel-opacity\"\/>\n\n\n\n<div class=\"wp-block-group has-background has-global-padding is-layout-constrained wp-block-group-is-layout-constrained\" style=\"background-color:#e5e4e4\">\n<p><strong>Parking<\/strong><\/p>\n\n\n\n\n\n<p><strong>ATTENTION ! Le nombre de places disponibles a \u00e9t\u00e9 r\u00e9duit cette ann\u00e9e et la r\u00e9servation de places de parking est fortement conseill\u00e9e (voir ci-dessous).<\/strong><\/p>\n\n\n\n<p>C&rsquo;est d\u00fb \u00e0 la construction d&rsquo;une nouvelle r\u00e9sidence sur le parking du Charvet en 2025, et de la fermeture du parking couvert des Villards.<\/p>\n\n\n\n<p class=\"has-large-font-size\">Il y a n\u00e9anmoins le choix concernant les parkings : un parking couvert \u00e0 l&rsquo;entr\u00e9e de l&rsquo;impasse de l&rsquo;h\u00f4tel Golf (400m du studio*), ou des parkings ext\u00e9rieurs en contrebas de la station route d&rsquo;Arc 1800 (500m du studio*). <\/p>\n\n\n\n<p>Pour les v\u00e9hicules non \u00e9quip\u00e9s pour la neige, vous pouvez laisser votre voiture au parking du funiculaire \u00e0 Bourg Saint Maurice et monter en funiculaire, et prendre la navette pour Arc 1800 (vous aurez tous les d\u00e9tails lorsque que je vous enverrai les informations pratiques pour votre s\u00e9jour)<\/p>\n\n\n\n<p>Tous ces parking sont payants (compter environ 100\u20ac la semaine en hiver) et <strong>il est prudent de r\u00e9server<\/strong>.<\/p>\n\n\n\n<p>Pour r\u00e9server : <a href=\"https:\/\/www.lesarcs.com\/parkings-arc-1800\">https:\/\/www.lesarcs.com\/parkings-arc-1800<\/a><\/p>\n\n\n\n<p>Lors de la demande de r\u00e9servation, s\u00e9lectionnez la station<strong><em> Arc 1800<\/em><\/strong> et votre r\u00e9sidence <strong><em>Miravidi<\/em><\/strong>. <\/p>\n\n\n\n<p>* Un d\u00e9pose minute au pied de la r\u00e9sidence vous permettra de d\u00e9poser vos bagages et aller vous garer ensuite<\/p>\n<\/div>\n\n\n\n<hr class=\"wp-block-separator has-alpha-channel-opacity\"\/>\n\n\n\n<div class=\"wp-block-group is-style-section-1 has-global-padding is-layout-constrained wp-block-group-is-layout-constrained is-style-section-1--2\">\n<p><strong>Commerces<\/strong><\/p>\n\n\n\n\n\n<p>Vous trouverez de nombreux restaurants, magasins d&rsquo;alimentation et magasins de sport dans un rayon de 200m du studio.<\/p>\n<\/div>\n\n\n\n<hr class=\"wp-block-separator has-alpha-channel-opacity\"\/>\n\n\n\n<div class=\"wp-block-group has-global-padding is-layout-constrained wp-block-group-is-layout-constrained\">\n<div class=\"wp-block-group has-global-padding is-layout-constrained wp-block-group-is-layout-constrained\">\n<div class=\"wp-block-group has-background has-global-padding is-layout-constrained wp-block-group-is-layout-constrained\" style=\"background-color:#e5d9d9\">\n<p><strong>Rangement des skis<\/strong><\/p>\n\n\n\n\n\n<p>Il n&rsquo;y a pas de casier \u00e0 skis dans la r\u00e9sidence. Les skis peuvent \u00eatre rentr\u00e9s et rang\u00e9s derri\u00e8re la porte. Ils peuvent \u00eatre d\u00e9pos\u00e9s sur un bac en plastique pour r\u00e9cup\u00e9rer la fonte des neiges et ne pas inonder le studio.<\/p>\n<\/div>\n<\/div>\n<\/div>\n\n\n\n<hr class=\"wp-block-separator has-alpha-channel-opacity\"\/>\n\n\n\n<div class=\"wp-block-group has-global-padding is-layout-constrained wp-block-group-is-layout-constrained\">\n<div class=\"wp-block-group is-style-section-1 has-global-padding is-layout-constrained wp-block-group-is-layout-constrained is-style-section-1--3\">\n<p><strong>Arriv\u00e9e tardive ou matinale \/ D\u00e9part t\u00f4t ou tardif<\/strong><\/p>\n\n\n\n<p>Les cl\u00e9s vous attendront dans un bo\u00eetier \u00e0 cl\u00e9s accessible<strong> 24h\/24<\/strong>.<\/p>\n\n\n\n<p>Les informations n\u00e9cessaires pour r\u00e9cup\u00e9rer les cl\u00e9s vous seront envoy\u00e9es une semaine avant votre arriv\u00e9e.<\/p>\n\n\n\n<p>Si le studio est occup\u00e9 le jour de votre arriv\u00e9e ou de votre d\u00e9part, il est demand\u00e9 qu\u2019il soit c\u00e9d\u00e9 \u00e0 <strong>13h00<\/strong>. Le locataire partant doit faire le m\u00e9nage pour que les arrivants puissent prendre possession d&rsquo;un studio propre. Nous ferons une vision Whatsapp pour v\u00e9rifier l&rsquo;\u00e9tat g\u00e9n\u00e9ral du studio.<\/p>\n\n\n\n<p>Le jour de l&rsquo;arriv\u00e9e ou du d\u00e9part, il est demand\u00e9 \u00e0 ce que les locataires partants permettent l\u2019acc\u00e8s au studio des entrants pour <strong>laisser les bagages<\/strong>, et vice-versa pour les sortants, afin que chacun puisse profiter de son jour d\u2019arriv\u00e9e et de son jour de d\u00e9part au maximum, en pensant bien \u00e0  laisser les cl\u00e9s dans le boitier s\u00e9curis\u00e9 si besoin de s&rsquo;absenter.<\/p>\n<\/div>\n<\/div>\n\n\n\n<hr class=\"wp-block-separator has-alpha-channel-opacity\"\/>\n\n\n\n<div class=\"wp-block-group has-global-padding is-layout-constrained wp-block-group-is-layout-constrained\">\n<div class=\"wp-block-group has-background has-global-padding is-layout-constrained wp-block-group-is-layout-constrained\" style=\"background-color:#fffefe\">\n<div class=\"wp-block-group has-background has-global-padding is-layout-constrained wp-block-group-is-layout-constrained\" style=\"background-color:#e0d7d7\">\n<p><strong>Lits<\/strong><\/p>\n\n\n\n\n\n<p><strong>Il y a un canap\u00e9 lit 130*190<\/strong> pour 2 personnes<\/p>\n\n\n\n<p><strong>2 lits gigognes<\/strong> dans le salon (90*200)<\/p>\n\n\n\n<p><strong>2 lits superpos\u00e9s<\/strong> dans l&rsquo;alc\u00f4ve (90*190)<\/p>\n\n\n\n<p>Des couettes, des couvertures et des oreillers sont \u00e0 disposition dans le studio, mais il faut bien penser \u00e0 apporter votre linge de lit (housses de matelas, housses de couettes ou draps, taies d&rsquo;oreillers) et votre linge de toilette.<\/p>\n\n\n\n<p>Ou bien louer le linge (voir rubrique suivante)<\/p>\n<\/div>\n<\/div>\n<\/div>\n\n\n\n<hr class=\"wp-block-separator has-alpha-channel-opacity\"\/>\n\n\n\n<div class=\"wp-block-group is-style-section-1 has-global-padding is-layout-constrained wp-block-group-is-layout-constrained is-style-section-1--4\">\n<p><strong>Location du linge<\/strong><\/p>\n\n\n\n<p>Vous pourrez louer du linge chez <strong><em>All Services Montagne<\/em><\/strong>. Il faut compter 20\u20ac pour un lit simple, 28\u20ac pour un lit double. C&rsquo;est un peu plus cher si vous louez \u00e9galement les serviettes. Je vous laisse voir sur le site ci-dessous (attention toutefois aux heures d&rsquo;ouvertures de la boutique pour r\u00e9cup\u00e9rer votre linge, en fonction de vos heures d&rsquo;arriv\u00e9e):<\/p>\n\n\n\n<p><a href=\"https:\/\/www.allservicesmontagne.com\/reservation\/\">Site web AllServicesMontage<\/a><\/p>\n<\/div>\n\n\n\n\n\n<hr class=\"wp-block-separator has-alpha-channel-opacity\"\/>\n\n\n\n<div class=\"wp-block-group has-background has-global-padding is-layout-constrained wp-block-group-is-layout-constrained\" style=\"background-color:#eae3e3\">\n<p><strong>Equipement du studio<\/strong><\/p>\n\n\n\n\n\n<p>Vous trouverez une cafeti\u00e8re SENSEO (pr\u00e9voir vos dosettes), une bouilloire, un appareil \u00e0 raclette et \u00e0 fondue, un four, un four \u00e0 micro-ondes, un frigo, un lave vaisselle (pr\u00e9voir vos dosettes), un t\u00e9l\u00e9viseur avec les chaines fran\u00e7aises de la TNT.<\/p>\n\n\n\n<p>Il y a toute la vaisselle n\u00e9cessaire, et des condiments si les pr\u00e9c\u00e9dents n&rsquo;ont pas tout consomm\u00e9.<\/p>\n\n\n\n<p>Il y a \u00e9galement des produits de nettoyage pour le m\u00e9nage, un aspirateur et une serpill\u00e8re.<\/p>\n<\/div>\n\n\n\n<hr class=\"wp-block-separator has-alpha-channel-opacity\"\/>\n\n\n\n<div class=\"wp-block-group is-style-section-1 has-global-padding is-layout-constrained wp-block-group-is-layout-constrained is-style-section-1--5\">\n<p><strong>M\u00e9nage de fin de s\u00e9jour<\/strong><\/p>\n\n\n\n\n\n<p>Le <strong>m\u00e9nage doit \u00eatre r\u00e9alis\u00e9 \u00e0 la fin de votre s\u00e9jour<\/strong>. L\u2019\u00e9tat des lieux sera r\u00e9alis\u00e9 par visio <strong>Whatsapp<\/strong>.<\/p>\n\n\n\n<p>En cas de manquement, une<strong> caution m\u00e9nage <\/strong>pourra \u00eatre retenue (voir ci-dessous).<\/p>\n<\/div>\n\n\n\n<hr class=\"wp-block-separator has-alpha-channel-opacity\"\/>\n\n\n\n<p><strong>Caution :<\/strong><\/p>\n\n\n\n<p>Pour les locataires Airbnb, la caution est couverte par Airbnb. Il n&rsquo;y a rien de plus \u00e0 faire.<\/p>\n\n\n\n<p>Pour les autres (passage en direct, Booking, etc&#8230;), je vous enverrai un lien vers le site Swikly.com qui vous permettra de saisir une empreinte de votre carte bleue. Rien ne sera d\u00e9bit\u00e9, mais une caution de 300\u20ac pourra \u00eatre retenue jusqu&rsquo;\u00e0 2 semaines apr\u00e8s la fin de votre s\u00e9jour en cas de d\u00e9gradations ou de m\u00e9nage insuffisant n\u00e9cessitant intervention d&rsquo;un tiers, ou toute autre d\u00e9pense engendr\u00e9e.<\/p>\n\n\n\n<hr class=\"wp-block-separator has-alpha-channel-opacity\"\/>\n\n\n\n<p><a href=\"https:\/\/studioarcs.fr\/index.php\/webcams-les-arcs\/\" data-type=\"page\" data-id=\"246\">Acc\u00e8s aux Webcams des Arcs<\/a><\/p>\n\n\n\n<p><\/p>\n","protected":false},"excerpt":{"rendered":"<p>FAQ Location de Thierry \u00e0 Arc 1800 Une semaine avant votre arriv\u00e9e, vous recevrez par messagerie un lien vers le livret d&rsquo;accueil qui vous donnera toutes les infos pratiques sur le studio que vous avez lou\u00e9 \u00e0 Arc 1800, dans le quartier du Charvet. Vous avez certainement des questions pour pr\u00e9parer votre voyage ou simplement [&hellip;]<\/p>\n","protected":false},"author":1,"featured_media":0,"parent":0,"menu_order":0,"comment_status":"closed","ping_status":"closed","template":"","meta":{"saved_in_kubio":false,"footnotes":""},"class_list":["post-584","page","type-page","status-publish","hentry"],"kubio_ai_page_context":{"short_desc":"","purpose":"general"},"_links":{"self":[{"href":"https:\/\/studioarcs.fr\/index.php\/wp-json\/wp\/v2\/pages\/584","targetHints":{"allow":["GET"]}}],"collection":[{"href":"https:\/\/studioarcs.fr\/index.php\/wp-json\/wp\/v2\/pages"}],"about":[{"href":"https:\/\/studioarcs.fr\/index.php\/wp-json\/wp\/v2\/types\/page"}],"author":[{"embeddable":true,"href":"https:\/\/studioarcs.fr\/index.php\/wp-json\/wp\/v2\/users\/1"}],"replies":[{"embeddable":true,"href":"https:\/\/studioarcs.fr\/index.php\/wp-json\/wp\/v2\/comments?post=584"}],"version-history":[{"count":46,"href":"https:\/\/studioarcs.fr\/index.php\/wp-json\/wp\/v2\/pages\/584\/revisions"}],"predecessor-version":[{"id":1068,"href":"https:\/\/studioarcs.fr\/index.php\/wp-json\/wp\/v2\/pages\/584\/revisions\/1068"}],"wp:attachment":[{"href":"https:\/\/studioarcs.fr\/index.php\/wp-json\/wp\/v2\/media?parent=584"}],"curies":[{"name":"wp","href":"https:\/\/api.w.org\/{rel}","templated":true}]}}